{"id":1975,"date":"2023-08-02T14:31:35","date_gmt":"2023-08-02T14:31:35","guid":{"rendered":"https:\/\/www.mascaro.es\/producers-of-cavas-and-spirits-from-the-penedes-since-1946\/"},"modified":"2024-07-08T08:17:42","modified_gmt":"2024-07-08T08:17:42","slug":"cavas-and-spirits-since-1946","status":"publish","type":"page","link":"https:\/\/www.mascaro.es\/en\/","title":{"rendered":"Producers of cavas and spirits from Pened\u00e8s since 1946"},"content":{"rendered":"<p>[et_pb_section fb_built=&#8221;1&#8243; fullwidth=&#8221;on&#8221; _builder_version=&#8221;4.20.2&#8243; _module_preset=&#8221;default&#8221; global_colors_info=&#8221;{}&#8221;][et_pb_fullwidth_header title=&#8221;Mascar\u00f3&#8221; logo_image_url=&#8221;https:\/\/www.mascaro.es\/wp-content\/uploads\/2023\/08\/logo-mascaro-clar.svg&#8221; module_class=&#8221;header-home&#8221; _builder_version=&#8221;4.25.1&#8243; _module_preset=&#8221;default&#8221; title_font=&#8221;Montserrat||||||||&#8221; content_font=&#8221;||||||||&#8221; hover_enabled=&#8221;0&#8243; custom_css_logo=&#8221;margin-bottom:30px;||width:400px;&#8221; custom_css_title=&#8221; &#8221; global_colors_info=&#8221;{}&#8221; sticky_enabled=&#8221;0&#8243;]<\/p>\n<h2>Unique cavas and spirits<\/h2>\n<p>[\/et_pb_fullwidth_header][\/et_pb_section][et_pb_section fb_built=&#8221;1&#8243; _builder_version=&#8221;4.20.2&#8243; _module_preset=&#8221;default&#8221; global_colors_info=&#8221;{}&#8221;][et_pb_row _builder_version=&#8221;4.20.2&#8243; _module_preset=&#8221;default&#8221; global_colors_info=&#8221;{}&#8221;][et_pb_column type=&#8221;4_4&#8243; _builder_version=&#8221;4.20.2&#8243; _module_preset=&#8221;default&#8221; global_colors_info=&#8221;{}&#8221;][et_pb_cta title=&#8221;Family-owned winery since 1946&#8243; button_url=&#8221;https:\/\/www.mascaro.es\/en\/family-winery-in-penedes\/&#8221; button_text=&#8221;Our story&#8221; _builder_version=&#8221;4.20.2&#8243; _module_preset=&#8221;_initial&#8221; header_level=&#8221;h3&#8243; global_colors_info=&#8221;{}&#8221;]<\/p>\n<p>Since 1946, the Mascar\u00f3 family has been making cavas and spirits from carefully selected raw materials, using traditional production methods and respecting essences and heritage to obtain unique products<\/p>\n<p>[\/et_pb_cta][\/et_pb_column][\/et_pb_row][\/et_pb_section][et_pb_section fb_built=&#8221;1&#8243; _builder_version=&#8221;4.20.2&#8243; _module_preset=&#8221;default&#8221; background_color=&#8221;gcid-5798683d-1884-417c-bf68-ee035ec3c86b&#8221; background_image=&#8221;https:\/\/www.mascaro.es\/wp-content\/uploads\/2023\/10\/Mascaro-Trama-Verda.jpg&#8221; parallax=&#8221;on&#8221; parallax_method=&#8221;off&#8221; global_colors_info=&#8221;{%22gcid-5798683d-1884-417c-bf68-ee035ec3c86b%22:%91%22background_color%22%93}&#8221;][et_pb_row column_structure=&#8221;1_2,1_2&#8243; _builder_version=&#8221;4.20.2&#8243; _module_preset=&#8221;default&#8221; global_colors_info=&#8221;{}&#8221;][et_pb_column type=&#8221;1_2&#8243; _builder_version=&#8221;4.20.2&#8243; _module_preset=&#8221;default&#8221; global_colors_info=&#8221;{}&#8221;][et_pb_image src=&#8221;https:\/\/www.mascaro.es\/wp-content\/uploads\/2023\/11\/Vinyes-ecologiques-de-Caves-Mascaro-1.jpg&#8221; alt=&#8221;Producers of cavas and spirits in the Alt Pened\u00e8s&#8221; title_text=&#8221;Organic-vineyards-of-Caves-Mascar\u00f3&#8221; _builder_version=&#8221;4.20.2&#8243; _module_preset=&#8221;default&#8221; global_colors_info=&#8221;{}&#8221;][\/et_pb_image][\/et_pb_column][et_pb_column type=&#8221;1_2&#8243; _builder_version=&#8221;4.20.2&#8243; _module_preset=&#8221;default&#8221; global_colors_info=&#8221;{}&#8221;][et_pb_cta title=&#8221;The origin&#8221; button_url=&#8221;https:\/\/www.mascaro.es\/en\/penedes-organic-vineyards\/&#8221; button_text=&#8221;The vines&#8221; _builder_version=&#8221;4.24.2&#8243; _module_preset=&#8221;cb95e881-35b6-4e4c-b14e-7d9d890faf43&#8243; global_colors_info=&#8221;{}&#8221;]<\/p>\n<h3>The Pened\u00e8s vineyards<\/h3>\n<p>We witness the spectacle that nature offers every year at our estate in &#8220;Mas Miquel&#8221;, where we find a unique ecosystem that gives personality to our cavas and brandies. Our mission consists in making the best possible interpretation of what nature offers us.[\/et_pb_cta][\/et_pb_column][\/et_pb_row][\/et_pb_section][et_pb_section fb_built=&#8221;1&#8243; _builder_version=&#8221;4.20.2&#8243; _module_preset=&#8221;default&#8221; background_color=&#8221;#FFFFFF&#8221; global_colors_info=&#8221;{}&#8221;][et_pb_row column_structure=&#8221;1_2,1_2&#8243; module_class=&#8221;img-dreta&#8221; _builder_version=&#8221;4.20.2&#8243; _module_preset=&#8221;default&#8221; global_colors_info=&#8221;{}&#8221;][et_pb_column type=&#8221;1_2&#8243; _builder_version=&#8221;4.20.2&#8243; _module_preset=&#8221;default&#8221; global_colors_info=&#8221;{}&#8221;][et_pb_image src=&#8221;https:\/\/www.mascaro.es\/wp-content\/uploads\/2023\/10\/Caves-i-destillats-Mascaro.jpg&#8221; alt=&#8221;Preparation of Mascar\u00f3 products&#8221; title_text=&#8221;Mascar\u00f3 cavas and spirits&#8221; _builder_version=&#8221;4.20.2&#8243; _module_preset=&#8221;default&#8221; global_colors_info=&#8221;{}&#8221;][\/et_pb_image][\/et_pb_column][et_pb_column type=&#8221;1_2&#8243; _builder_version=&#8221;4.20.2&#8243; _module_preset=&#8221;default&#8221; global_colors_info=&#8221;{}&#8221;][et_pb_cta title=&#8221;THE LEGACY&#8221; button_url=&#8221;https:\/\/www.mascaro.es\/en\/the-home-history-cavas-and-artisanal-spirits\/&#8221; button_text=&#8221;The winery&#8221; _builder_version=&#8221;4.20.2&#8243; _module_preset=&#8221;cb95e881-35b6-4e4c-b14e-7d9d890faf43&#8243; global_colors_info=&#8221;{}&#8221;]<\/p>\n<h3>The work of time<\/h3>\n<p>Time is what reveals the character of our products in each of the production processes: accompanying the life cycle of our vines, marking the patient rhythm of manual grape harvesting and revealing their hidden personality during the long ageing. Over the course of three generations, we have built an expertise in creating unique cavas and spirits by deciphering the ideal moments for each process.<\/p>\n<p>[\/et_pb_cta][\/et_pb_column][\/et_pb_row][\/et_pb_section][et_pb_section fb_built=&#8221;1&#8243; _builder_version=&#8221;4.20.2&#8243; _module_preset=&#8221;default&#8221; background_color=&#8221;#efe7dd&#8221; global_colors_info=&#8221;{}&#8221;][et_pb_row column_structure=&#8221;1_2,1_2&#8243; _builder_version=&#8221;4.20.2&#8243; _module_preset=&#8221;default&#8221; global_colors_info=&#8221;{}&#8221;][et_pb_column type=&#8221;1_2&#8243; _builder_version=&#8221;4.20.2&#8243; _module_preset=&#8221;default&#8221; global_colors_info=&#8221;{}&#8221;][et_pb_image src=&#8221;https:\/\/www.mascaro.es\/wp-content\/uploads\/2023\/10\/Antonio-Mascaro-a-la-Destilaria-Mascaro.jpg&#8221; alt=&#8221;Producers of cavas and spirits in the Alt Pened\u00e8s&#8221; title_text=&#8221;Antonio-Mascar\u00f3-at-the-Mascar\u00f3-Distillery&#8221; _builder_version=&#8221;4.20.2&#8243; _module_preset=&#8221;default&#8221; global_colors_info=&#8221;{}&#8221;][\/et_pb_image][\/et_pb_column][et_pb_column type=&#8221;1_2&#8243; _builder_version=&#8221;4.20.2&#8243; _module_preset=&#8221;default&#8221; global_colors_info=&#8221;{}&#8221;][et_pb_cta title=&#8221;THE ESSENCE&#8221; button_url=&#8221;https:\/\/www.mascaro.es\/en\/penedes-organic-vineyards\/&#8221; button_text=&#8221;The distillery&#8221; _builder_version=&#8221;4.20.2&#8243; _module_preset=&#8221;cb95e881-35b6-4e4c-b14e-7d9d890faf43&#8243; global_colors_info=&#8221;{}&#8221;]<\/p>\n<h3>Wine spirit<\/h3>\n<p>Through the distillation process we manage to reveal the essence of the raw material, the spirit of the wine, the soul of a territory and a landscape that each bottle of our spirits keeps as a valuable secret.<\/p>\n<p>[\/et_pb_cta][\/et_pb_column][\/et_pb_row][\/et_pb_section][et_pb_section fb_built=&#8221;1&#8243; _builder_version=&#8221;4.20.2&#8243; _module_preset=&#8221;default&#8221; background_color=&#8221;#FFFFFF&#8221; background_image=&#8221;https:\/\/www.mascaro.es\/wp-content\/uploads\/2023\/11\/Cenefa-Mascaro.jpg&#8221; background_size=&#8221;contain&#8221; background_position=&#8221;center_left&#8221; custom_padding=&#8221;||90px|||&#8221; global_colors_info=&#8221;{}&#8221;][et_pb_row _builder_version=&#8221;4.20.2&#8243; _module_preset=&#8221;default&#8221; global_colors_info=&#8221;{}&#8221;][et_pb_column type=&#8221;4_4&#8243; _builder_version=&#8221;4.20.2&#8243; _module_preset=&#8221;default&#8221; global_colors_info=&#8221;{}&#8221;][et_pb_cta title=&#8221;Cavas and spirits from the Pened\u00e8s&#8221; _builder_version=&#8221;4.20.2&#8243; _module_preset=&#8221;cb95e881-35b6-4e4c-b14e-7d9d890faf43&#8243; global_colors_info=&#8221;{}&#8221;]<\/p>\n<h3>The result of our dedication<\/h3>\n<p>[\/et_pb_cta][\/et_pb_column][\/et_pb_row][et_pb_row column_structure=&#8221;1_4,1_4,1_4,1_4&#8243; make_equal=&#8221;off&#8221; _builder_version=&#8221;4.20.2&#8243; _module_preset=&#8221;default&#8221; custom_padding=&#8221;||0px||false|false&#8221; global_colors_info=&#8221;{}&#8221;][et_pb_column type=&#8221;1_4&#8243; _builder_version=&#8221;4.20.2&#8243; _module_preset=&#8221;default&#8221; global_colors_info=&#8221;{}&#8221;][et_pb_blurb title=&#8221;Cavas&#8221; url=&#8221;https:\/\/www.mascaro.es\/en\/product-category\/cava-en\/&#8221; image=&#8221;https:\/\/www.mascaro.es\/wp-content\/uploads\/2023\/10\/cuvee-antonio-mascaro-caves.jpg&#8221; alt=&#8221;Cavas Mascar\u00f3&#8221; _builder_version=&#8221;4.20.2&#8243; _module_preset=&#8221;e1b8a1c8-765d-4aff-b2db-f0340dde4d56&#8243; global_colors_info=&#8221;{}&#8221;]<\/p>\n<p style=\"height: 64.1719px;\"><a class=\"et_pb_button et_pb_promo_button\" href=\"https:\/\/www.mascaro.es\/en\/product-category\/cava-en\/\">Discover them<\/a><\/p>\n<p>[\/et_pb_blurb][\/et_pb_column][et_pb_column type=&#8221;1_4&#8243; _builder_version=&#8221;4.20.2&#8243; _module_preset=&#8221;default&#8221; global_colors_info=&#8221;{}&#8221;][et_pb_blurb title=&#8221;Brandies&#8221; url=&#8221;https:\/\/www.mascaro.es\/en\/product-category\/brandy\/&#8221; image=&#8221;https:\/\/www.mascaro.es\/wp-content\/uploads\/2023\/10\/brandy-vo-mascaro-brandis.jpg&#8221; alt=&#8221;Mascar\u00f3 Brandies&#8221; _builder_version=&#8221;4.20.2&#8243; _module_preset=&#8221;e1b8a1c8-765d-4aff-b2db-f0340dde4d56&#8243; global_colors_info=&#8221;{}&#8221;]<\/p>\n<p style=\"height: 64.1875px;\"><a class=\"et_pb_button et_pb_promo_button\" href=\"https:\/\/www.mascaro.es\/en\/product-category\/brandy\/\">Discover them<\/a><\/p>\n<p>[\/et_pb_blurb][\/et_pb_column][et_pb_column type=&#8221;1_4&#8243; _builder_version=&#8221;4.20.2&#8243; _module_preset=&#8221;default&#8221; global_colors_info=&#8221;{}&#8221;][et_pb_blurb title=&#8221;Spirits&#8221; url=&#8221;https:\/\/www.mascaro.es\/en\/product-category\/vermouths-and-spirits\/&#8221; image=&#8221;https:\/\/www.mascaro.es\/wp-content\/uploads\/2023\/11\/Gin9-London-Dry-Gin-espirituosos-mascaro.jpg&#8221; alt=&#8221;Mascar\u00f3 Spirits&#8221; _builder_version=&#8221;4.20.2&#8243; _module_preset=&#8221;e1b8a1c8-765d-4aff-b2db-f0340dde4d56&#8243; global_colors_info=&#8221;{}&#8221;]<\/p>\n<p><a class=\"et_pb_button et_pb_promo_button\" href=\"https:\/\/www.mascaro.es\/en\/product-category\/vermouths-and-spirits\/\">Discover them<\/a><\/p>\n<p>[\/et_pb_blurb][\/et_pb_column][et_pb_column type=&#8221;1_4&#8243; _builder_version=&#8221;4.20.2&#8243; _module_preset=&#8221;default&#8221; global_colors_info=&#8221;{}&#8221;][et_pb_blurb title=&#8221;Vermouths&#8221; url=&#8221;https:\/\/www.mascaro.es\/en\/product-category\/vermouths-and-spirits\/&#8221; image=&#8221;https:\/\/www.mascaro.es\/wp-content\/uploads\/2023\/08\/vermuts-mascaro.png&#8221; alt=&#8221;Mascar\u00f3 vermouths&#8221; _builder_version=&#8221;4.20.2&#8243; _module_preset=&#8221;e1b8a1c8-765d-4aff-b2db-f0340dde4d56&#8243; global_colors_info=&#8221;{}&#8221;]<\/p>\n<p><a class=\"et_pb_button et_pb_promo_button\" href=\"https:\/\/www.mascaro.es\/en\/product-category\/vermouths-and-spirits\/\">Discover them<\/a><\/p>\n<p>[\/et_pb_blurb][\/et_pb_column][\/et_pb_row][\/et_pb_section]<\/p>\n","protected":false},"excerpt":{"rendered":"<p>Unique cavas and spiritsSince 1946, the Mascar\u00f3 family has been making cavas and spirits from carefully selected raw materials, using traditional production methods and respecting essences and heritage to obtain unique productsThe Pened\u00e8s vineyards We witness the spectacle that nature offers every year at our estate in &#8220;Mas Miquel&#8221;, where we find a unique ecosystem [&hellip;]<\/p>\n","protected":false},"author":1,"featured_media":0,"parent":0,"menu_order":0,"comment_status":"closed","ping_status":"closed","template":"","meta":{"_acf_changed":false,"_et_pb_use_builder":"on","_et_pb_old_content":"","_et_gb_content_width":"","footnotes":""},"class_list":["post-1975","page","type-page","status-publish","hentry"],"acf":[],"_links":{"self":[{"href":"https:\/\/www.mascaro.es\/en\/wp-json\/wp\/v2\/pages\/1975","targetHints":{"allow":["GET"]}}],"collection":[{"href":"https:\/\/www.mascaro.es\/en\/wp-json\/wp\/v2\/pages"}],"about":[{"href":"https:\/\/www.mascaro.es\/en\/wp-json\/wp\/v2\/types\/page"}],"author":[{"embeddable":true,"href":"https:\/\/www.mascaro.es\/en\/wp-json\/wp\/v2\/users\/1"}],"replies":[{"embeddable":true,"href":"https:\/\/www.mascaro.es\/en\/wp-json\/wp\/v2\/comments?post=1975"}],"version-history":[{"count":19,"href":"https:\/\/www.mascaro.es\/en\/wp-json\/wp\/v2\/pages\/1975\/revisions"}],"predecessor-version":[{"id":2883,"href":"https:\/\/www.mascaro.es\/en\/wp-json\/wp\/v2\/pages\/1975\/revisions\/2883"}],"wp:attachment":[{"href":"https:\/\/www.mascaro.es\/en\/wp-json\/wp\/v2\/media?parent=1975"}],"curies":[{"name":"wp","href":"https:\/\/api.w.org\/{rel}","templated":true}]}}