{"id":2035,"date":"2023-08-02T14:20:41","date_gmt":"2023-08-02T14:20:41","guid":{"rendered":"https:\/\/www.mascaro.es\/the-vine\/"},"modified":"2024-04-15T11:11:26","modified_gmt":"2024-04-15T11:11:26","slug":"penedes-organic-vineyards","status":"publish","type":"page","link":"https:\/\/www.mascaro.es\/en\/penedes-organic-vineyards\/","title":{"rendered":"The vineyard"},"content":{"rendered":"<p>[et_pb_section fb_built=&#8221;1&#8243; fullwidth=&#8221;on&#8221; _builder_version=&#8221;4.20.2&#8243; _module_preset=&#8221;default&#8221; locked=&#8221;off&#8221; global_colors_info=&#8221;{}&#8221;][et_pb_fullwidth_header title=&#8221;Organic Pened\u00e8s Vineyards&#8221; content_max_width=&#8221;55%&#8221; module_class=&#8221;header-home-no-home&#8221; _builder_version=&#8221;4.20.2&#8243; _module_preset=&#8221;default&#8221; title_font_size=&#8221;60px&#8221; content_font=&#8221;||||||||&#8221; background_image=&#8221;https:\/\/www.mascaro.es\/wp-content\/uploads\/2023\/11\/capcalera-la-vinya-mascaro.jpg&#8221; custom_padding=&#8221;30vh||||false|false&#8221; custom_css_logo=&#8221;margin-bottom:30px;||width:400px;&#8221; custom_css_title=&#8221; &#8221; global_colors_info=&#8221;{}&#8221;][\/et_pb_fullwidth_header][\/et_pb_section][et_pb_section fb_built=&#8221;1&#8243; admin_label=&#8221;Section&#8221; _builder_version=&#8221;4.20.2&#8243; _module_preset=&#8221;default&#8221; custom_padding=&#8221;||0px|||&#8221; locked=&#8221;off&#8221; global_colors_info=&#8221;{}&#8221;][et_pb_row _builder_version=&#8221;4.20.2&#8243; _module_preset=&#8221;default&#8221; global_colors_info=&#8221;{}&#8221;][et_pb_column type=&#8221;4_4&#8243; _builder_version=&#8221;4.20.2&#8243; _module_preset=&#8221;default&#8221; global_colors_info=&#8221;{}&#8221;][et_pb_cta button_url=&#8221;@ET-DC@eyJkeW5hbWljIjp0cnVlLCJjb250ZW50IjoicG9zdF9saW5rX3VybF9wYWdlIiwic2V0dGluZ3MiOnsicG9zdF9pZCI6IjY3IiwiZW5hYmxlX2h0bWwiOiJvZmYifX0=@&#8221; _builder_version=&#8221;4.24.2&#8243; _dynamic_attributes=&#8221;button_url&#8221; _module_preset=&#8221;ebfadc23-5427-44c0-803f-0a8a868cc29f&#8221; hover_enabled=&#8221;0&#8243; global_colors_info=&#8221;{}&#8221; sticky_enabled=&#8221;0&#8243;]<\/p>\n<h2>We are only interpreters of the great spectacle that nature offers every year at our &#8220;Mas Miquel&#8221; estate, with the aim of capturing it in every bottle of Mascar\u00f3.<\/h2>\n<p>&nbsp;<\/p>\n<p>Behind each toast with Mascar\u00f3 there is a landscape, forged by the hand of the winegrower, who, season after season, carefully cultivating the land that will give rise to our products, taking care of each vine, of each grape that will be harvested at the optimal point of ripening by the harvesters, and that it will arrive at the winery in small cases to preserve its quality.[\/et_pb_cta][\/et_pb_column][\/et_pb_row][\/et_pb_section][et_pb_section fb_built=&#8221;1&#8243; admin_label=&#8221;1 &#8211; El bressol&#8221; _builder_version=&#8221;4.20.2&#8243; _module_preset=&#8221;default&#8221; background_color=&#8221;#FFFFFF&#8221; global_colors_info=&#8221;{}&#8221;][et_pb_row column_structure=&#8221;1_2,1_2&#8243; _builder_version=&#8221;4.20.2&#8243; _module_preset=&#8221;default&#8221; global_colors_info=&#8221;{}&#8221;][et_pb_column type=&#8221;1_2&#8243; _builder_version=&#8221;4.20.2&#8243; _module_preset=&#8221;default&#8221; global_colors_info=&#8221;{}&#8221;][et_pb_image src=&#8221;https:\/\/www.mascaro.es\/wp-content\/uploads\/2023\/11\/Monestir-de-Santes-Creus-Caves-Mascaro.jpg&#8221; alt=&#8221;&quot;Mas Miquel&quot;, the Mascar\u00f3 estate&#8221; title_text=&#8221;Monastery-of-Santes-Creus-Caves-Mascar\u00f3&#8221; _builder_version=&#8221;4.20.2&#8243; _module_preset=&#8221;default&#8221; global_colors_info=&#8221;{}&#8221;][\/et_pb_image][\/et_pb_column][et_pb_column type=&#8221;1_2&#8243; _builder_version=&#8221;4.20.2&#8243; _module_preset=&#8221;default&#8221; global_colors_info=&#8221;{}&#8221;][et_pb_text _builder_version=&#8221;4.24.2&#8243; _module_preset=&#8221;default&#8221; hover_enabled=&#8221;0&#8243; global_colors_info=&#8221;{}&#8221; sticky_enabled=&#8221;0&#8243;]<\/p>\n<h2>The cradle<\/h2>\n<p>Mascar\u00f3 is born in the Pened\u00e8s, in the vineyards of our estates \u201cMas Miquel\u201d and \u201cEl Castell\u201d, where we have been cultivating the land for three generations. At the estate &#8220;Mas Miquel&#8221;, located in Aiguam\u00farcia (Alt Camp) we have a total of 170 hectares, of which 35 are dedicated to vine cultivation and the rest are surrounded by Mediterranean forest. This property has been dedicated to winegrowing since time immemorial, as it was part of the Cistercian monastery of Santes Creus. Today it is registered both in the D.O. Pened\u00e8s as in the D.O. Cava.[\/et_pb_text][\/et_pb_column][\/et_pb_row][\/et_pb_section][et_pb_section fb_built=&#8221;1&#8243; admin_label=&#8221;2 &#8211; El terrer &#8221; _builder_version=&#8221;4.20.2&#8243; _module_preset=&#8221;default&#8221; background_color=&#8221;#efe7dd&#8221; global_colors_info=&#8221;{}&#8221;][et_pb_row column_structure=&#8221;1_2,1_2&#8243; _builder_version=&#8221;4.20.2&#8243; _module_preset=&#8221;default&#8221; global_colors_info=&#8221;{}&#8221;][et_pb_column type=&#8221;1_2&#8243; _builder_version=&#8221;4.20.2&#8243; _module_preset=&#8221;default&#8221; global_colors_info=&#8221;{}&#8221;][et_pb_text _builder_version=&#8221;4.24.2&#8243; _module_preset=&#8221;default&#8221; hover_enabled=&#8221;0&#8243; global_colors_info=&#8221;{}&#8221; sticky_enabled=&#8221;0&#8243;]<\/p>\n<h2>The land<\/h2>\n<p>In the &#8220;Mas Miquel&#8221; vineyard plots, the vine grows in ideal conditions. They are located at 450 m above sea level, on sloping ground, in the valley formed by the Pigot stream that drains into the Gai\u00e0 river. The soils of the property have been formed on Miocene materials, consisting of conglomerates with a clayey matrix. They are calcareous, well drained, stony, very suitable for the vineyard. Above the vines is the &#8220;Serra d&#8217;Ancosa&#8221; which protects them from the east winds.[\/et_pb_text][\/et_pb_column][et_pb_column type=&#8221;1_2&#8243; _builder_version=&#8221;4.20.2&#8243; _module_preset=&#8221;default&#8221; global_colors_info=&#8221;{}&#8221;][et_pb_image src=&#8221;https:\/\/www.mascaro.es\/wp-content\/uploads\/2023\/11\/Finca-Mas-Miquel-Caves-Mascaro.jpg&#8221; alt=&#8221;&quot;Mas Miquel&quot;, the Mascar\u00f3 estate&#8221; title_text=&#8221;Mas-Miquel-Estate-Caves-Mascar\u00f3&#8221; _builder_version=&#8221;4.20.2&#8243; _module_preset=&#8221;default&#8221; global_colors_info=&#8221;{}&#8221;][\/et_pb_image][\/et_pb_column][\/et_pb_row][\/et_pb_section][et_pb_section fb_built=&#8221;1&#8243; admin_label=&#8221;3 &#8211; Vinyes &#8221; _builder_version=&#8221;4.20.2&#8243; _module_preset=&#8221;default&#8221; background_color=&#8221;#FFFFFF&#8221; global_colors_info=&#8221;{}&#8221;][et_pb_row column_structure=&#8221;1_2,1_2&#8243; _builder_version=&#8221;4.20.2&#8243; _module_preset=&#8221;default&#8221; global_colors_info=&#8221;{}&#8221;][et_pb_column type=&#8221;1_2&#8243; _builder_version=&#8221;4.20.2&#8243; _module_preset=&#8221;default&#8221; global_colors_info=&#8221;{}&#8221;][et_pb_image src=&#8221;https:\/\/www.mascaro.es\/wp-content\/uploads\/2023\/11\/Vinyes-ecologiques-de-Caves-Mascaro-1.jpg&#8221; alt=&#8221;&quot;Mas Miquel&quot;, the Mascar\u00f3 estate&#8221; title_text=&#8221;Organic-vineyards-of-Caves-Mascar\u00f3&#8221; _builder_version=&#8221;4.20.2&#8243; _module_preset=&#8221;default&#8221; global_colors_info=&#8221;{}&#8221;][\/et_pb_image][\/et_pb_column][et_pb_column type=&#8221;1_2&#8243; _builder_version=&#8221;4.20.2&#8243; _module_preset=&#8221;default&#8221; global_colors_info=&#8221;{}&#8221;][et_pb_text _builder_version=&#8221;4.24.2&#8243; _module_preset=&#8221;default&#8221; hover_enabled=&#8221;0&#8243; global_colors_info=&#8221;{}&#8221; sticky_enabled=&#8221;0&#8243;]<\/p>\n<h2>Organic vineyards<\/h2>\n<p>&#8220;Mas Miquel&#8221; is located in one of the highest areas of the Pened\u00e8s. The climate is cool, with plenty of light and wind, which helps the vines to be in a good sanitary state, and allows to avoid the use of pesticides. Our commitment to the environment means that we seek an agriculture of quality which recovers traditional crops, respectful of the ecosystem that surrounds our vineyards. At Mascar\u00f3 we don\u2019t just take care of our vines but also of the forests that protect and surround them, aware of the value they have for humans and the species that live there and of the need to protect the environment against climate change. This commitment has also led us to install in the property 30 beehives which we deem fundamental for biodiversity.[\/et_pb_text][\/et_pb_column][\/et_pb_row][\/et_pb_section][et_pb_section fb_built=&#8221;1&#8243; admin_label=&#8221;4 &#8211; Varietats&#8221; _builder_version=&#8221;4.20.2&#8243; _module_preset=&#8221;default&#8221; background_color=&#8221;#F5F5F5&#8243; background_image=&#8221;https:\/\/www.mascaro.es\/wp-content\/uploads\/2023\/10\/Mascaro-Trama-Verda.jpg&#8221; parallax=&#8221;on&#8221; parallax_method=&#8221;off&#8221; global_colors_info=&#8221;{}&#8221;][et_pb_row column_structure=&#8221;1_2,1_2&#8243; module_class=&#8221;img-dreta&#8221; _builder_version=&#8221;4.20.2&#8243; _module_preset=&#8221;default&#8221; global_colors_info=&#8221;{}&#8221;][et_pb_column type=&#8221;1_2&#8243; _builder_version=&#8221;4.20.2&#8243; _module_preset=&#8221;default&#8221; global_colors_info=&#8221;{}&#8221;][et_pb_image src=&#8221;https:\/\/www.mascaro.es\/wp-content\/uploads\/2023\/11\/Varietats-de-raim-Caves-Mascaro-1.jpg&#8221; alt=&#8221;Mascar\u00f3 grape varieties&#8221; title_text=&#8221;Grape-varieties-Caves-Mascar\u00f3&#8221; _builder_version=&#8221;4.20.2&#8243; _module_preset=&#8221;default&#8221; global_colors_info=&#8221;{}&#8221;][\/et_pb_image][\/et_pb_column][et_pb_column type=&#8221;1_2&#8243; _builder_version=&#8221;4.20.2&#8243; _module_preset=&#8221;default&#8221; global_colors_info=&#8221;{}&#8221;][et_pb_text _builder_version=&#8221;4.24.2&#8243; _module_preset=&#8221;default&#8221; hover_enabled=&#8221;0&#8243; global_colors_info=&#8221;{}&#8221; sticky_enabled=&#8221;0&#8243;]<\/p>\n<h2>Our varieties<\/h2>\n<p>At &#8220;Mas Miquel&#8221; we have planted different white varieties (Parellada, Macabeu, Xarel\u00b7lo and Chardonnay) and red varieties (Cabernet Sauvignon, Merlot and Grenache). We value the Parellada, the variety that is most abundant, as it is the one that is best suited to the high areas of the Pened\u00e8s. Mascar\u00f3 cavas have at least 60% of Parellada, which gives them their own character. We have also discovered that our Grenache has distinctive and unique characteristics and we use it both for ros\u00e9 and white cavas.[\/et_pb_text][\/et_pb_column][\/et_pb_row][\/et_pb_section][et_pb_section fb_built=&#8221;1&#8243; admin_label=&#8221;5 &#8211; Brandi&#8221; _builder_version=&#8221;4.20.2&#8243; _module_preset=&#8221;default&#8221; background_color=&#8221;#FFFFFF&#8221; global_colors_info=&#8221;{}&#8221;][et_pb_row column_structure=&#8221;1_2,1_2&#8243; _builder_version=&#8221;4.20.2&#8243; _module_preset=&#8221;default&#8221; global_colors_info=&#8221;{}&#8221;][et_pb_column type=&#8221;1_2&#8243; _builder_version=&#8221;4.20.2&#8243; _module_preset=&#8221;default&#8221; global_colors_info=&#8221;{}&#8221;][et_pb_image src=&#8221;https:\/\/www.mascaro.es\/wp-content\/uploads\/2023\/11\/Ugni-Blanc-Brandi-Caves-Mascaro.jpg&#8221; alt=&#8221;&quot;Mas Miquel&quot;, the Mascar\u00f3 estate&#8221; title_text=&#8221;Ugni-Blanc-Brandy-Caves-Mascar\u00f3&#8221; _builder_version=&#8221;4.20.2&#8243; _module_preset=&#8221;default&#8221; global_colors_info=&#8221;{}&#8221;][\/et_pb_image][\/et_pb_column][et_pb_column type=&#8221;1_2&#8243; _builder_version=&#8221;4.20.2&#8243; _module_preset=&#8221;default&#8221; global_colors_info=&#8221;{}&#8221;][et_pb_text _builder_version=&#8221;4.24.2&#8243; _module_preset=&#8221;default&#8221; hover_enabled=&#8221;0&#8243; global_colors_info=&#8221;{}&#8221; sticky_enabled=&#8221;0&#8243;]<\/p>\n<h2>Brandy is born in the vines<\/h2>\n<p>Mascar\u00f3 brandies are made both with Parellada from &#8220;Mas Miquel&#8221; and with Ugni Blanc, from our estate \u201cEl Castell\u201d located in the municipality of La M\u00fania (Alt Pened\u00e8s), which has an extension of 7 hectares. It is located in the heart of the Pened\u00e8s plains. The Ugni Blanc variety is used for the obtention of wine spirits and the production of brandy, one of our specialties.[\/et_pb_text][\/et_pb_column][\/et_pb_row][\/et_pb_section]<\/p>\n","protected":false},"excerpt":{"rendered":"<p>We are only interpreters of the great spectacle that nature offers every year at our &#8220;Mas Miquel&#8221; estate, with the aim of capturing it in every bottle of Mascar\u00f3. &nbsp; Behind each toast with Mascar\u00f3 there is a landscape, forged by the hand of the winegrower, who, season after season, carefully cultivating the land that [&hellip;]<\/p>\n","protected":false},"author":1,"featured_media":0,"parent":0,"menu_order":0,"comment_status":"closed","ping_status":"closed","template":"","meta":{"_acf_changed":false,"_et_pb_use_builder":"on","_et_pb_old_content":"","_et_gb_content_width":"","footnotes":""},"class_list":["post-2035","page","type-page","status-publish","hentry"],"acf":[],"_links":{"self":[{"href":"https:\/\/www.mascaro.es\/en\/wp-json\/wp\/v2\/pages\/2035","targetHints":{"allow":["GET"]}}],"collection":[{"href":"https:\/\/www.mascaro.es\/en\/wp-json\/wp\/v2\/pages"}],"about":[{"href":"https:\/\/www.mascaro.es\/en\/wp-json\/wp\/v2\/types\/page"}],"author":[{"embeddable":true,"href":"https:\/\/www.mascaro.es\/en\/wp-json\/wp\/v2\/users\/1"}],"replies":[{"embeddable":true,"href":"https:\/\/www.mascaro.es\/en\/wp-json\/wp\/v2\/comments?post=2035"}],"version-history":[{"count":42,"href":"https:\/\/www.mascaro.es\/en\/wp-json\/wp\/v2\/pages\/2035\/revisions"}],"predecessor-version":[{"id":2623,"href":"https:\/\/www.mascaro.es\/en\/wp-json\/wp\/v2\/pages\/2035\/revisions\/2623"}],"wp:attachment":[{"href":"https:\/\/www.mascaro.es\/en\/wp-json\/wp\/v2\/media?parent=2035"}],"curies":[{"name":"wp","href":"https:\/\/api.w.org\/{rel}","templated":true}]}}