{"id":2050,"date":"2023-08-04T10:20:58","date_gmt":"2023-08-04T10:20:58","guid":{"rendered":"https:\/\/www.mascaro.es\/uncategorized\/cuvee-antonio-mascaro-cava-gran-reserva-brut-nature\/"},"modified":"2024-08-28T09:58:52","modified_gmt":"2024-08-28T09:58:52","slug":"cuvee-antoni-mascaro","status":"publish","type":"product","link":"https:\/\/www.mascaro.es\/en\/cava-en\/cuvee-antoni-mascaro\/","title":{"rendered":"Cuv\u00e9e &#8220;Antonio Mascar\u00f3&#8221; <br>Cava Gran Reserva <br>Brut Nature"},"content":{"rendered":"<p>The label on each bottle of Cuv\u00e9e bears the signature of Antonio Mascar\u00f3, who during his time at the helm of the company, steered the production of cava towards the long ageing processes that characterize it today. <\/p>\n<h3>The cava for accompanying a big meal from beginning to end.<\/h3>\n<p> Cuv\u00e9e is a sophisticated and elegant cava, a faithful reflection of our artisanal production process. The multitude of nuances it conceals make it a particularly gastronomic cava, ideal for accompanying a big meal from the appetiser to dessert.<\/p>\n","protected":false},"excerpt":{"rendered":"<p>The long ageing process gives this cava a unique structure and complexity<\/p>\n","protected":false},"featured_media":2051,"comment_status":"closed","ping_status":"closed","template":"","meta":{"_acf_changed":false,"_et_pb_use_builder":"","_et_pb_old_content":"","_et_gb_content_width":""},"product_brand":[],"product_cat":[88,89,90],"product_tag":[],"class_list":{"0":"post-2050","1":"product","2":"type-product","3":"status-publish","4":"has-post-thumbnail","6":"product_cat-cava-en","7":"product_cat-cavas-and-spirits","8":"product_cat-gran-reservas","10":"first","11":"outofstock","12":"purchasable","13":"product-type-simple"},"exclude_global_add_ons":[],"addons":[],"acf":[],"_links":{"self":[{"href":"https:\/\/www.mascaro.es\/en\/wp-json\/wp\/v2\/product\/2050","targetHints":{"allow":["GET"]}}],"collection":[{"href":"https:\/\/www.mascaro.es\/en\/wp-json\/wp\/v2\/product"}],"about":[{"href":"https:\/\/www.mascaro.es\/en\/wp-json\/wp\/v2\/types\/product"}],"replies":[{"embeddable":true,"href":"https:\/\/www.mascaro.es\/en\/wp-json\/wp\/v2\/comments?post=2050"}],"wp:featuredmedia":[{"embeddable":true,"href":"https:\/\/www.mascaro.es\/en\/wp-json\/wp\/v2\/media\/2051"}],"wp:attachment":[{"href":"https:\/\/www.mascaro.es\/en\/wp-json\/wp\/v2\/media?parent=2050"}],"wp:term":[{"taxonomy":"product_brand","embeddable":true,"href":"https:\/\/www.mascaro.es\/en\/wp-json\/wp\/v2\/product_brand?post=2050"},{"taxonomy":"product_cat","embeddable":true,"href":"https:\/\/www.mascaro.es\/en\/wp-json\/wp\/v2\/product_cat?post=2050"},{"taxonomy":"product_tag","embeddable":true,"href":"https:\/\/www.mascaro.es\/en\/wp-json\/wp\/v2\/product_tag?post=2050"}],"curies":[{"name":"wp","href":"https:\/\/api.w.org\/{rel}","templated":true}]}}