{"id":1309,"date":"2023-08-02T14:31:35","date_gmt":"2023-08-02T14:31:35","guid":{"rendered":"https:\/\/www.mascaro.es\/productores-de-cavas-y-espirituosos-desde-1946\/"},"modified":"2024-08-06T10:17:34","modified_gmt":"2024-08-06T10:17:34","slug":"productores-de-cavas-y-espirituosos-desde-1946","status":"publish","type":"page","link":"https:\/\/www.mascaro.es\/es\/","title":{"rendered":"Productores de cavas y espirituosos desde 1946"},"content":{"rendered":"<p>[et_pb_section fb_built=\u00bb1&#8243; fullwidth=\u00bbon\u00bb _builder_version=\u00bb4.20.2&#8243; _module_preset=\u00bbdefault\u00bb global_colors_info=\u00bb{}\u00bb][et_pb_fullwidth_header title=\u00bbMascar\u00f3\u00bb logo_image_url=\u00bbhttps:\/\/www.mascaro.es\/wp-content\/uploads\/2023\/08\/logo-mascaro-clar.svg\u00bb module_class=\u00bbheader-home\u00bb _builder_version=\u00bb4.25.1&#8243; _module_preset=\u00bbdefault\u00bb title_font=\u00bbMontserrat||||||||\u00bb content_font=\u00bb||||||||\u00bb hover_enabled=\u00bb0&#8243; custom_css_logo=\u00bbmargin-bottom:30px;||width:400px;\u00bb custom_css_title=\u00bb \u00bb global_colors_info=\u00bb{}\u00bb sticky_enabled=\u00bb0&#8243;]<\/p>\n<h2>Cavas y espirituosos singulares<\/h2>\n<p>[\/et_pb_fullwidth_header][\/et_pb_section][et_pb_section fb_built=\u00bb1&#8243; _builder_version=\u00bb4.20.2&#8243; _module_preset=\u00bbdefault\u00bb global_colors_info=\u00bb{}\u00bb][et_pb_row _builder_version=\u00bb4.20.2&#8243; _module_preset=\u00bbdefault\u00bb global_colors_info=\u00bb{}\u00bb][et_pb_column type=\u00bb4_4&#8243; _builder_version=\u00bb4.20.2&#8243; _module_preset=\u00bbdefault\u00bb global_colors_info=\u00bb{}\u00bb][et_pb_cta title=\u00bbBodega familiar desde 1946&#8243; button_url=\u00bbhttps:\/\/www.mascaro.es\/es\/bodega-familiar-del-penedes\/\u00bb button_text=\u00bbNuestra historia\u00bb _builder_version=\u00bb4.20.2&#8243; _module_preset=\u00bb_initial\u00bb header_level=\u00bbh3&#8243; global_colors_info=\u00bb{}\u00bb]<\/p>\n<p>Desde 1946, la familia Mascar\u00f3 elabora cavas y destilados a partir de materias primas cuidadosamente seleccionadas, utilizando m\u00e9todos de producci\u00f3n tradicionales y respetando esencias y herencias para obtener productos \u00fanicos.<\/p>\n<p>[\/et_pb_cta][\/et_pb_column][\/et_pb_row][\/et_pb_section][et_pb_section fb_built=\u00bb1&#8243; _builder_version=\u00bb4.20.2&#8243; _module_preset=\u00bbdefault\u00bb background_color=\u00bbgcid-5798683d-1884-417c-bf68-ee035ec3c86b\u00bb background_image=\u00bbhttps:\/\/www.mascaro.es\/wp-content\/uploads\/2023\/10\/Mascaro-Trama-Verda.jpg\u00bb parallax=\u00bbon\u00bb parallax_method=\u00bboff\u00bb global_colors_info=\u00bb{%22gcid-5798683d-1884-417c-bf68-ee035ec3c86b%22:%91%22background_color%22%93}\u00bb][et_pb_row column_structure=\u00bb1_2,1_2&#8243; _builder_version=\u00bb4.20.2&#8243; _module_preset=\u00bbdefault\u00bb global_colors_info=\u00bb{}\u00bb][et_pb_column type=\u00bb1_2&#8243; _builder_version=\u00bb4.20.2&#8243; _module_preset=\u00bbdefault\u00bb global_colors_info=\u00bb{}\u00bb][et_pb_image src=\u00bbhttps:\/\/www.mascaro.es\/wp-content\/uploads\/2023\/11\/Vinyes-ecologiques-de-Caves-Mascaro-1.jpg\u00bb alt=\u00bbProductores de cavas y espirituosos en el Alto Pened\u00e8s\u00bb title_text=\u00bbVi\u00f1edos-ecol\u00f3gicos-de-Cavas-Mascaro\u0301\u00bb _builder_version=\u00bb4.20.2&#8243; _module_preset=\u00bbdefault\u00bb global_colors_info=\u00bb{}\u00bb][\/et_pb_image][\/et_pb_column][et_pb_column type=\u00bb1_2&#8243; _builder_version=\u00bb4.20.2&#8243; _module_preset=\u00bbdefault\u00bb global_colors_info=\u00bb{}\u00bb][et_pb_cta title=\u00bbEl origen\u00bb button_url=\u00bbhttps:\/\/www.mascaro.es\/es\/vinya-ecologica-penedes\/\u00bb button_text=\u00bbLos vi\u00f1edos\u00bb _builder_version=\u00bb4.24.2&#8243; _module_preset=\u00bbcb95e881-35b6-4e4c-b14e-7d9d890faf43&#8243; global_colors_info=\u00bb{}\u00bb]<\/p>\n<h3>Los vi\u00f1edos del Pened\u00e8s<\/h3>\n<p>Somos testigos del espect\u00e1culo que la naturaleza da cada a\u00f1o en nuestra finca de \u00abMas Miquel\u00bb, donde encontramos un ecosistema \u00fanico que da personalidad a nuestros cavas y brandies. Nuestra misi\u00f3n consiste en hacer la mejor interpretaci\u00f3n posible de lo que nos ofrece la naturaleza.[\/et_pb_cta][\/et_pb_column][\/et_pb_row][\/et_pb_section][et_pb_section fb_built=\u00bb1&#8243; _builder_version=\u00bb4.20.2&#8243; _module_preset=\u00bbdefault\u00bb background_color=\u00bb#FFFFFF\u00bb global_colors_info=\u00bb{}\u00bb][et_pb_row column_structure=\u00bb1_2,1_2&#8243; module_class=\u00bbimg-dreta\u00bb _builder_version=\u00bb4.20.2&#8243; _module_preset=\u00bbdefault\u00bb global_colors_info=\u00bb{}\u00bb][et_pb_column type=\u00bb1_2&#8243; _builder_version=\u00bb4.20.2&#8243; _module_preset=\u00bbdefault\u00bb global_colors_info=\u00bb{}\u00bb][et_pb_image src=\u00bbhttps:\/\/www.mascaro.es\/wp-content\/uploads\/2023\/10\/Caves-i-destillats-Mascaro.jpg\u00bb alt=\u00bbElaboraci\u00f3n de productos Mascar\u00f3\u00bb title_text=\u00bbCavas y destilados Mascar\u00f3\u00bb _builder_version=\u00bb4.20.2&#8243; _module_preset=\u00bbdefault\u00bb global_colors_info=\u00bb{}\u00bb][\/et_pb_image][\/et_pb_column][et_pb_column type=\u00bb1_2&#8243; _builder_version=\u00bb4.20.2&#8243; _module_preset=\u00bbdefault\u00bb global_colors_info=\u00bb{}\u00bb][et_pb_cta title=\u00bbLA HERENCIA\u00bb button_url=\u00bbhttps:\/\/www.mascaro.es\/es\/la-casa-historia-cavas-y-espirituosos-artesanales\/\u00bb button_text=\u00bbLa cava\u00bb _builder_version=\u00bb4.20.2&#8243; _module_preset=\u00bbcb95e881-35b6-4e4c-b14e-7d9d890faf43&#8243; global_colors_info=\u00bb{}\u00bb]<\/p>\n<h3>La obra del tiempo<\/h3>\n<p>El tiempo descubre el car\u00e1cter de nuestros productos en cada uno de los procesos de producci\u00f3n: acompa\u00f1ando el crecimiento de la vid, marcando el ritmo paciente de la vendimia manual de la uva y desvelando su personalidad durante las largas crianzas. A lo largo de tres generaciones hemos adquirido experiencia en la creaci\u00f3n de cavas y espirituosos singulares, descifrando los momentos id\u00f3neos para cada proceso.<\/p>\n<p>[\/et_pb_cta][\/et_pb_column][\/et_pb_row][\/et_pb_section][et_pb_section fb_built=\u00bb1&#8243; _builder_version=\u00bb4.20.2&#8243; _module_preset=\u00bbdefault\u00bb background_color=\u00bb#efe7dd\u00bb global_colors_info=\u00bb{}\u00bb][et_pb_row column_structure=\u00bb1_2,1_2&#8243; _builder_version=\u00bb4.20.2&#8243; _module_preset=\u00bbdefault\u00bb global_colors_info=\u00bb{}\u00bb][et_pb_column type=\u00bb1_2&#8243; _builder_version=\u00bb4.20.2&#8243; _module_preset=\u00bbdefault\u00bb global_colors_info=\u00bb{}\u00bb][et_pb_image src=\u00bbhttps:\/\/www.mascaro.es\/wp-content\/uploads\/2023\/10\/Antonio-Mascaro-a-la-Destilaria-Mascaro.jpg\u00bb alt=\u00bbProductores de cavas y espirituosos en el Alto Pened\u00e8s\u00bb title_text=\u00bbAntonio-Mascaro\u0301-en-la-Destiler\u00eda-Mascar\u00f3\u00bb _builder_version=\u00bb4.20.2&#8243; _module_preset=\u00bbdefault\u00bb global_colors_info=\u00bb{}\u00bb][\/et_pb_image][\/et_pb_column][et_pb_column type=\u00bb1_2&#8243; _builder_version=\u00bb4.20.2&#8243; _module_preset=\u00bbdefault\u00bb global_colors_info=\u00bb{}\u00bb][et_pb_cta title=\u00bbLA ESENCIA\u00bb button_url=\u00bbhttps:\/\/www.mascaro.es\/es\/vinya-ecologica-penedes\/\u00bb button_text=\u00bbLa destiler\u00eda\u00bb _builder_version=\u00bb4.20.2&#8243; _module_preset=\u00bbcb95e881-35b6-4e4c-b14e-7d9d890faf43&#8243; global_colors_info=\u00bb{}\u00bb]<\/p>\n<h3>El esp\u00edritu del vino<\/h3>\n<p>A trav\u00e9s del proceso de destilaci\u00f3n conseguimos revelar la esencia de la materia prima, el esp\u00edritu del vino, el alma de un territorio y de un paisaje que cada botella de nuestros destilados guarda como un valioso tesoro<\/p>\n<p>[\/et_pb_cta][\/et_pb_column][\/et_pb_row][\/et_pb_section][et_pb_section fb_built=\u00bb1&#8243; _builder_version=\u00bb4.20.2&#8243; _module_preset=\u00bbdefault\u00bb background_color=\u00bb#FFFFFF\u00bb background_image=\u00bbhttps:\/\/www.mascaro.es\/wp-content\/uploads\/2023\/11\/Cenefa-Mascaro.jpg\u00bb background_size=\u00bbcontain\u00bb background_position=\u00bbcenter_left\u00bb custom_padding=\u00bb||90px|||\u00bb global_colors_info=\u00bb{}\u00bb][et_pb_row _builder_version=\u00bb4.20.2&#8243; _module_preset=\u00bbdefault\u00bb global_colors_info=\u00bb{}\u00bb][et_pb_column type=\u00bb4_4&#8243; _builder_version=\u00bb4.20.2&#8243; _module_preset=\u00bbdefault\u00bb global_colors_info=\u00bb{}\u00bb][et_pb_cta title=\u00bbCavas y espirituosos del Pened\u00e8s\u00bb _builder_version=\u00bb4.20.2&#8243; _module_preset=\u00bbcb95e881-35b6-4e4c-b14e-7d9d890faf43&#8243; global_colors_info=\u00bb{}\u00bb]<\/p>\n<h3>El resultado de nuestra dedicaci\u00f3n<\/h3>\n<p>[\/et_pb_cta][\/et_pb_column][\/et_pb_row][et_pb_row column_structure=\u00bb1_4,1_4,1_4,1_4&#8243; make_equal=\u00bboff\u00bb _builder_version=\u00bb4.20.2&#8243; _module_preset=\u00bbdefault\u00bb custom_padding=\u00bb||0px||false|false\u00bb global_colors_info=\u00bb{}\u00bb][et_pb_column type=\u00bb1_4&#8243; _builder_version=\u00bb4.20.2&#8243; _module_preset=\u00bbdefault\u00bb global_colors_info=\u00bb{}\u00bb][et_pb_blurb title=\u00bbCavas\u00bb url=\u00bbhttps:\/\/www.mascaro.es\/es\/categoria-producto\/cava-es\/\u00bb image=\u00bbhttps:\/\/www.mascaro.es\/wp-content\/uploads\/2023\/10\/cuvee-antonio-mascaro-caves.jpg\u00bb alt=\u00bbCavas Mascar\u00f3\u00bb _builder_version=\u00bb4.20.2&#8243; _module_preset=\u00bbe1b8a1c8-765d-4aff-b2db-f0340dde4d56&#8243; global_colors_info=\u00bb{}\u00bb]<\/p>\n<p style=\"height: 64.1719px;\"><a class=\"et_pb_button et_pb_promo_button\" href=\"https:\/\/www.mascaro.es\/es\/categoria-producto\/cava-es\/\">Desc\u00fabrelos<\/a><\/p>\n<p>[\/et_pb_blurb][\/et_pb_column][et_pb_column type=\u00bb1_4&#8243; _builder_version=\u00bb4.20.2&#8243; _module_preset=\u00bbdefault\u00bb global_colors_info=\u00bb{}\u00bb][et_pb_blurb title=\u00bbBrandies\u00bb url=\u00bbhttps:\/\/www.mascaro.es\/es\/categoria-producto\/brandi-es\/\u00bb image=\u00bbhttps:\/\/www.mascaro.es\/wp-content\/uploads\/2023\/10\/brandy-vo-mascaro-brandis.jpg\u00bb alt=\u00bbBrandies Mascar\u00f3\u00bb _builder_version=\u00bb4.20.2&#8243; _module_preset=\u00bbe1b8a1c8-765d-4aff-b2db-f0340dde4d56&#8243; global_colors_info=\u00bb{}\u00bb]<\/p>\n<p style=\"height: 64.1875px;\"><a class=\"et_pb_button et_pb_promo_button\" href=\"https:\/\/www.mascaro.es\/es\/categoria-producto\/brandi-es\/\">Desc\u00fabrelos<\/a><\/p>\n<p>[\/et_pb_blurb][\/et_pb_column][et_pb_column type=\u00bb1_4&#8243; _builder_version=\u00bb4.20.2&#8243; _module_preset=\u00bbdefault\u00bb global_colors_info=\u00bb{}\u00bb][et_pb_blurb title=\u00bbDestilados\u00bb url=\u00bbhttps:\/\/www.mascaro.es\/es\/categoria-producto\/vermuts-y-destilados\/\u00bb image=\u00bbhttps:\/\/www.mascaro.es\/wp-content\/uploads\/2023\/11\/Gin9-London-Dry-Gin-espirituosos-mascaro.jpg\u00bb alt=\u00bbEspirituosos Mascar\u00f3\u00bb _builder_version=\u00bb4.20.2&#8243; _module_preset=\u00bbe1b8a1c8-765d-4aff-b2db-f0340dde4d56&#8243; global_colors_info=\u00bb{}\u00bb]<\/p>\n<p><a class=\"et_pb_button et_pb_promo_button\" href=\"https:\/\/www.mascaro.es\/es\/categoria-producto\/vermuts-y-destilados\/\">Desc\u00fabrelos<\/a><\/p>\n<p>[\/et_pb_blurb][\/et_pb_column][et_pb_column type=\u00bb1_4&#8243; _builder_version=\u00bb4.20.2&#8243; _module_preset=\u00bbdefault\u00bb global_colors_info=\u00bb{}\u00bb][et_pb_blurb title=\u00bbVermut\u00bb url=\u00bbhttps:\/\/www.mascaro.es\/es\/categoria-producto\/vermuts-y-destilados\/\u00bb image=\u00bbhttps:\/\/www.mascaro.es\/wp-content\/uploads\/2023\/08\/vermuts-mascaro.png\u00bb alt=\u00bbVermut Mascar\u00f3\u00bb _builder_version=\u00bb4.20.2&#8243; _module_preset=\u00bbe1b8a1c8-765d-4aff-b2db-f0340dde4d56&#8243; global_colors_info=\u00bb{}\u00bb]<\/p>\n<p><a class=\"et_pb_button et_pb_promo_button\" href=\"https:\/\/www.mascaro.es\/es\/categoria-producto\/vermuts-y-destilados\/\">Desc\u00fabrelos<\/a><\/p>\n<p>[\/et_pb_blurb][\/et_pb_column][\/et_pb_row][\/et_pb_section]<\/p>\n","protected":false},"excerpt":{"rendered":"<p>Cavas y espirituosos singularesDesde 1946, la familia Mascar\u00f3 elabora cavas y destilados a partir de materias primas cuidadosamente seleccionadas, utilizando m\u00e9todos de producci\u00f3n tradicionales y respetando esencias y herencias para obtener productos \u00fanicos.Los vi\u00f1edos del Pened\u00e8s Somos testigos del espect\u00e1culo que la naturaleza da cada a\u00f1o en nuestra finca de \u00abMas Miquel\u00bb, donde encontramos un [&hellip;]<\/p>\n","protected":false},"author":1,"featured_media":0,"parent":0,"menu_order":0,"comment_status":"closed","ping_status":"closed","template":"","meta":{"_acf_changed":false,"_et_pb_use_builder":"on","_et_pb_old_content":"","_et_gb_content_width":"","footnotes":""},"class_list":["post-1309","page","type-page","status-publish","hentry"],"acf":[],"_links":{"self":[{"href":"https:\/\/www.mascaro.es\/es\/wp-json\/wp\/v2\/pages\/1309","targetHints":{"allow":["GET"]}}],"collection":[{"href":"https:\/\/www.mascaro.es\/es\/wp-json\/wp\/v2\/pages"}],"about":[{"href":"https:\/\/www.mascaro.es\/es\/wp-json\/wp\/v2\/types\/page"}],"author":[{"embeddable":true,"href":"https:\/\/www.mascaro.es\/es\/wp-json\/wp\/v2\/users\/1"}],"replies":[{"embeddable":true,"href":"https:\/\/www.mascaro.es\/es\/wp-json\/wp\/v2\/comments?post=1309"}],"version-history":[{"count":43,"href":"https:\/\/www.mascaro.es\/es\/wp-json\/wp\/v2\/pages\/1309\/revisions"}],"predecessor-version":[{"id":2925,"href":"https:\/\/www.mascaro.es\/es\/wp-json\/wp\/v2\/pages\/1309\/revisions\/2925"}],"wp:attachment":[{"href":"https:\/\/www.mascaro.es\/es\/wp-json\/wp\/v2\/media?parent=1309"}],"curies":[{"name":"wp","href":"https:\/\/api.w.org\/{rel}","templated":true}]}}