{"id":1585,"date":"2023-08-03T07:45:12","date_gmt":"2023-08-03T07:45:12","guid":{"rendered":"https:\/\/www.mascaro.es\/aviso-legal\/"},"modified":"2024-04-30T08:57:18","modified_gmt":"2024-04-30T08:57:18","slug":"aviso-legal","status":"publish","type":"page","link":"https:\/\/www.mascaro.es\/es\/aviso-legal\/","title":{"rendered":"Aviso legal"},"content":{"rendered":"<p>[et_pb_section fb_built=\u00bb1&#8243; _builder_version=\u00bb4.20.2&#8243; _module_preset=\u00bbdefault\u00bb global_colors_info=\u00bb{}\u00bb][et_pb_row _builder_version=\u00bb4.20.2&#8243; _module_preset=\u00bbdefault\u00bb global_colors_info=\u00bb{}\u00bb][et_pb_column type=\u00bb4_4&#8243; _builder_version=\u00bb4.20.2&#8243; _module_preset=\u00bbdefault\u00bb global_colors_info=\u00bb{}\u00bb][et_pb_text _builder_version=\u00bb4.24.2&#8243; _module_preset=\u00bbdefault\u00bb hover_enabled=\u00bb0&#8243; global_colors_info=\u00bb{}\u00bb sticky_enabled=\u00bb0&#8243;]<\/p>\n<h1>Aviso legal<\/h1>\n<h2>\u00bfQui\u00e9n es el responsable del tratamiento de sus datos personales?<\/h2>\n<p>Identidad: Antonio Mascar\u00f3 S.L.<br \/>\nDomicilio social: C\/ Casal, 9, 08720, Vilafranca del Pened\u00e8s, Barcelona, Espanya<br \/>\nCIF: B61803433<br \/>\nEmail: mascaro@mascaro.es<\/p>\n<h2>Derechos de propiedad intelectual e industrial<\/h2>\n<p>Antonio Mascar\u00f3 S.L. es titular de los derechos de propiedad intelectual e industrial de todos los elementos que integran la web, incluyendo la marca, nombre comercial o signo distintivo. En particular y a t\u00edtulo no limitativo, est\u00e1n protegidos por los derechos de autor, logotipos, textos, fotograf\u00edas, sonidos y otros elementos contenidos en el sitio web.<\/p>\n<p>En ning\u00fan caso, el acceso o la navegaci\u00f3n dentro de la p\u00e1gina web implica la renuncia, transmisi\u00f3n o concesi\u00f3n total o parcial por parte de Antonio Mascar\u00f3 S.L. al usuario en cuanto a sus derechos de propiedad intelectual e industrial para uso personal.<\/p>\n<p>Por lo tanto, el usuario reconoce que la reproducci\u00f3n, copia, distribuci\u00f3n, comercializaci\u00f3n, transformaci\u00f3n, reutilizaci\u00f3n, comunicaci\u00f3n p\u00fablica y, en general, cualquier otra forma de explotaci\u00f3n, por cualquier medio, de todo o parte de los contenidos de la p\u00e1gina web sin la autorizaci\u00f3n expresa y por escrito de Antonio Mascar\u00f3 S.L., constituye una infracci\u00f3n de sus derechos de propiedad intelectual e industrial.<\/p>\n<h2>Protecci\u00f3n de datos<\/h2>\n<p>De acuerdo con la normativa vigente en materia de protecci\u00f3n de datos, as\u00ed como en materia de servicios de la sociedad de la informaci\u00f3n y de comercio electr\u00f3nico, el usuario acepta que los datos personales proporcionados a Antonio Mascar\u00f3 S.L. sean incorporados a ficheros de propiedad de esta empresa, con el fin de ofrecer los servicios solicitados en cada caso, que se especificar\u00e1n en el momento de proporcionarlos, y para mantenerlos informados por correo electr\u00f3nico u otros medios sobre novedades, productos y servicios relacionados con Antonio Mascar\u00f3 S.L. En el caso de comunicaciones comerciales a trav\u00e9s de correo electr\u00f3nico, el usuario presta su consentimiento expreso para el env\u00edo de publicidad a trav\u00e9s de dicho medio.<\/p>\n<p>Asimismo, el usuario presta su consentimiento para que Antonio Mascar\u00f3 S.L. ceda sus datos con la \u00fanica finalidad de mejorar la prestaci\u00f3n de los servicios, respetando la legislaci\u00f3n espa\u00f1ola sobre protecci\u00f3n de los datos de car\u00e1cter personal.<\/p>\n<p>Antonio Mascar\u00f3 S.L. se compromete al cumplimiento de su obligaci\u00f3n de secreto de los datos de car\u00e1cter personal y a tratarlos con confidencialidad, asumiendo, a estos efectos, las medidas de \u00edndole t\u00e9cnica, organizativa y de seguridad necesarias para evitar su alteraci\u00f3n, p\u00e9rdida, tratamiento o acceso no autorizado, de acuerdo con lo establecido en la Ley Org\u00e1nica 15\/1999 de 13 de diciembre, de Protecci\u00f3n de Datos de Car\u00e1cter Personal, y otra legislaci\u00f3n aplicable.<\/p>\n<p>Cualquier usuario registrado puede ejercer, en cualquier momento, el derecho a acceder, rectificar y, en su caso, cancelar sus datos de car\u00e1cter personal proporcionados, mediante una solicitud por escrito dirigida a Antonio Mascar\u00f3 S.L., <a href=\"https:\/\/www.google.com\/maps\/place\/Bodega+Mascar%C3%B3\/@41.3440866,1.7010003,15z\/data=!4m6!3m5!1s0x12a479895019a13d:0x6e2865ebd1f30c38!8m2!3d41.3440866!4d1.7010003!16s%2Fg%2F12qgh7h9k?entry=ttu\" target=\"_blank\" rel=\"noopener\">Calle Casal 9, 08720 Vilafranca del Pened\u00e8s, Barcelona, Espa\u00f1a<\/a>. E-mail: <a href=\"mailto:mascaro@mascaro.es\" target=\"_blank\" rel=\"noopener\">mascaro@mascaro.es<\/a>.[\/et_pb_text][\/et_pb_column][\/et_pb_row][\/et_pb_section]<\/p>\n","protected":false},"excerpt":{"rendered":"<p>Aviso legal \u00bfQui\u00e9n es el responsable del tratamiento de sus datos personales? Identidad: Antonio Mascar\u00f3 S.L. Domicilio social: C\/ Casal, 9, 08720, Vilafranca del Pened\u00e8s, Barcelona, Espanya CIF: B61803433 Email: mascaro@mascaro.es Derechos de propiedad intelectual e industrial Antonio Mascar\u00f3 S.L. es titular de los derechos de propiedad intelectual e industrial de todos los elementos que [&hellip;]<\/p>\n","protected":false},"author":1,"featured_media":0,"parent":0,"menu_order":0,"comment_status":"closed","ping_status":"closed","template":"","meta":{"_acf_changed":false,"_et_pb_use_builder":"on","_et_pb_old_content":"","_et_gb_content_width":"","footnotes":""},"class_list":["post-1585","page","type-page","status-publish","hentry"],"acf":[],"_links":{"self":[{"href":"https:\/\/www.mascaro.es\/es\/wp-json\/wp\/v2\/pages\/1585","targetHints":{"allow":["GET"]}}],"collection":[{"href":"https:\/\/www.mascaro.es\/es\/wp-json\/wp\/v2\/pages"}],"about":[{"href":"https:\/\/www.mascaro.es\/es\/wp-json\/wp\/v2\/types\/page"}],"author":[{"embeddable":true,"href":"https:\/\/www.mascaro.es\/es\/wp-json\/wp\/v2\/users\/1"}],"replies":[{"embeddable":true,"href":"https:\/\/www.mascaro.es\/es\/wp-json\/wp\/v2\/comments?post=1585"}],"version-history":[{"count":5,"href":"https:\/\/www.mascaro.es\/es\/wp-json\/wp\/v2\/pages\/1585\/revisions"}],"predecessor-version":[{"id":2684,"href":"https:\/\/www.mascaro.es\/es\/wp-json\/wp\/v2\/pages\/1585\/revisions\/2684"}],"wp:attachment":[{"href":"https:\/\/www.mascaro.es\/es\/wp-json\/wp\/v2\/media?parent=1585"}],"curies":[{"name":"wp","href":"https:\/\/api.w.org\/{rel}","templated":true}]}}