{"id":1630,"date":"2023-11-24T11:11:42","date_gmt":"2023-11-24T11:11:42","guid":{"rendered":"https:\/\/www.mascaro.es\/politica-de-cookies\/"},"modified":"2023-11-24T13:19:12","modified_gmt":"2023-11-24T13:19:12","slug":"politica-de-cookies","status":"publish","type":"page","link":"https:\/\/www.mascaro.es\/es\/politica-de-cookies\/","title":{"rendered":"Pol\u00edtica de cookies"},"content":{"rendered":"<p>[et_pb_section fb_built=\u00bb1&#8243; _builder_version=\u00bb4.16&#8243; global_colors_info=\u00bb{}\u00bb][et_pb_row _builder_version=\u00bb4.16&#8243; background_size=\u00bbinitial\u00bb background_position=\u00bbtop_left\u00bb background_repeat=\u00bbrepeat\u00bb global_colors_info=\u00bb{}\u00bb][et_pb_column type=\u00bb4_4&#8243; _builder_version=\u00bb4.16&#8243; custom_padding=\u00bb|||\u00bb global_colors_info=\u00bb{}\u00bb custom_padding__hover=\u00bb|||\u00bb][et_pb_text _builder_version=\u00bb4.20.2&#8243; background_size=\u00bbinitial\u00bb background_position=\u00bbtop_left\u00bb background_repeat=\u00bbrepeat\u00bb hover_enabled=\u00bb0&#8243; global_colors_info=\u00bb{}\u00bb sticky_enabled=\u00bb0&#8243;]<\/p>\n<h1>Pol\u00edtica de cookies<\/h1>\n<h2>Sobre esta pol\u00edtica de cookies<\/h2>\n<p>Este sitio web utiliza cookies propias y de terceros para ofrecerle una mejor experiencia y servicio. Al navegar o utilizar nuestros servicios, el usuario acepta el uso que hacemos de las cookies. Sin embargo, el usuario tiene la opci\u00f3n de impedir la generaci\u00f3n de cookies y su eliminaci\u00f3n mediante la selecci\u00f3n correspondiente. Para obtener m\u00e1s informaci\u00f3n sobre qui\u00e9nes somos, c\u00f3mo pueden contactarnos y c\u00f3mo procesamos sus datos personales, consulte nuestra <a href=\"https:\/\/www.mascaro.es\/es\/politica-de-privacidad\/\">Pol\u00edtica de privacidad<\/a>.<br \/>\nEl consentimiento se aplica a los siguientes dominios: <a href=\"https:\/\/mascaro.es\" target=\"_blank\" rel=\"noopener\">mascaro.es<\/a> [user_consent_state]<\/p>\n<h2>\u00bfQu\u00e9 son las cookies?<\/h2>\n<p>Las cookies son peque\u00f1os archivos de texto que se utilizan para almacenar peque\u00f1as piezas de informaci\u00f3n. Las cookies se almacenan en su dispositivo cuando el sitio web se carga en su navegador. Estas cookies nos ayudan a que el sitio web funcione correctamente, a hacerlo m\u00e1s seguro, a ofrecer una mejor experiencia de usuario y a comprender c\u00f3mo funciona el sitio web, as\u00ed como a analizar qu\u00e9 funciona y d\u00f3nde se puede mejorar.<\/p>\n<h2>\u00bfC\u00f3mo hacemos servir las cookies?<\/h2>\n<p>Como la mayor\u00eda de los servicios en l\u00ednea, nuestro sitio web utiliza cookies propias y de terceros para diversos prop\u00f3sitos. Las cookies propias son principalmente necesarias para que el sitio web funcione correctamente y no recopilan ninguno de sus datos de identificaci\u00f3n personal. Las cookies de terceros que se utilizan en nuestros sitios web se utilizan principalmente para entender c\u00f3mo funciona el sitio web, c\u00f3mo interact\u00faa con nuestro sitio web, mantener nuestros servicios seguros y ofrecerle anuncios relevantes. En resumen, todo esto sirve para ofrecerles una mejor experiencia de usuario y ayudar a acelerar sus futuras interacciones con nuestro sitio web.<\/p>\n<h2>\u00bfQu\u00e9 tipos de cookies hacemos servir?<\/h2>\n<p>Las cookies utilizadas en nuestro sitio web se agrupan en las siguientes categor\u00edas. [cookie_category]<br \/>\nLa siguiente lista detalla las cookies utilizadas en nuestro sitio web. [cookie_audit_category columns=\u00bbcookie,description\u00bb]<\/p>\n<h2>\u00bfC\u00f3mo puedo controlar las preferencias de las cookies?<\/h2>\n<p>Puede gestionar sus preferencias de cookies haciendo clic en el bot\u00f3n \u00abConfiguraci\u00f3n\u00bb y activando o desactivando las categor\u00edas de cookies en la ventana emergente seg\u00fan sus preferencias. Si decide cambiar sus preferencias m\u00e1s tarde durante su sesi\u00f3n de navegaci\u00f3n, puede hacer clic en la pesta\u00f1a \u00abGestiona el consentimiento\u00bb en su pantalla. Esto volver\u00e1 a mostrar el aviso de consentimiento que le permitir\u00e1 cambiar sus preferencias o retirar su consentimiento por completo. Adem\u00e1s, diferentes navegadores ofrecen diferentes m\u00e9todos para bloquear y eliminar las cookies utilizadas por los sitios web. Puede cambiar la configuraci\u00f3n de su navegador para bloquear o eliminar las cookies.<br \/>\nPara obtener m\u00e1s informaci\u00f3n sobre c\u00f3mo gestionar y eliminar las cookies, visite <a href=\"https:\/\/wikipedia.org\" target=\"_blank\" rel=\"noopener\">wikipedia.org<\/a> o <a href=\"https:\/\/www.allaboutcookies.org\" target=\"_blank\" rel=\"noopener\">www.allaboutcookies.org<\/a>.[\/et_pb_text][\/et_pb_column][\/et_pb_row][\/et_pb_section]<\/p>\n","protected":false},"excerpt":{"rendered":"<p>Pol\u00edtica de cookies Sobre esta pol\u00edtica de cookies Este sitio web utiliza cookies propias y de terceros para ofrecerle una mejor experiencia y servicio. Al navegar o utilizar nuestros servicios, el usuario acepta el uso que hacemos de las cookies. Sin embargo, el usuario tiene la opci\u00f3n de impedir la generaci\u00f3n de cookies y su [&hellip;]<\/p>\n","protected":false},"author":1,"featured_media":0,"parent":0,"menu_order":0,"comment_status":"closed","ping_status":"closed","template":"","meta":{"_acf_changed":false,"_et_pb_use_builder":"on","_et_pb_old_content":"","_et_gb_content_width":"","footnotes":""},"class_list":["post-1630","page","type-page","status-publish","hentry"],"acf":[],"_links":{"self":[{"href":"https:\/\/www.mascaro.es\/es\/wp-json\/wp\/v2\/pages\/1630","targetHints":{"allow":["GET"]}}],"collection":[{"href":"https:\/\/www.mascaro.es\/es\/wp-json\/wp\/v2\/pages"}],"about":[{"href":"https:\/\/www.mascaro.es\/es\/wp-json\/wp\/v2\/types\/page"}],"author":[{"embeddable":true,"href":"https:\/\/www.mascaro.es\/es\/wp-json\/wp\/v2\/users\/1"}],"replies":[{"embeddable":true,"href":"https:\/\/www.mascaro.es\/es\/wp-json\/wp\/v2\/comments?post=1630"}],"version-history":[{"count":2,"href":"https:\/\/www.mascaro.es\/es\/wp-json\/wp\/v2\/pages\/1630\/revisions"}],"predecessor-version":[{"id":1632,"href":"https:\/\/www.mascaro.es\/es\/wp-json\/wp\/v2\/pages\/1630\/revisions\/1632"}],"wp:attachment":[{"href":"https:\/\/www.mascaro.es\/es\/wp-json\/wp\/v2\/media?parent=1630"}],"curies":[{"name":"wp","href":"https:\/\/api.w.org\/{rel}","templated":true}]}}