{"id":2697,"date":"2024-04-30T09:25:13","date_gmt":"2024-04-30T09:25:13","guid":{"rendered":"https:\/\/www.mascaro.es\/condiciones-y-terminos-de-uso\/"},"modified":"2025-11-25T11:52:45","modified_gmt":"2025-11-25T11:52:45","slug":"condiciones-y-terminos-de-uso","status":"publish","type":"page","link":"https:\/\/www.mascaro.es\/es\/condiciones-y-terminos-de-uso\/","title":{"rendered":"Condiciones y t\u00e9rminos de uso"},"content":{"rendered":"<p>[et_pb_section fb_built=\u00bb1&#8243; _builder_version=\u00bb4.20.2&#8243; _module_preset=\u00bbdefault\u00bb global_colors_info=\u00bb{}\u00bb][et_pb_row _builder_version=\u00bb4.20.2&#8243; _module_preset=\u00bbdefault\u00bb global_colors_info=\u00bb{}\u00bb][et_pb_column type=\u00bb4_4&#8243; _builder_version=\u00bb4.20.2&#8243; _module_preset=\u00bbdefault\u00bb global_colors_info=\u00bb{}\u00bb][et_pb_text _builder_version=\u00bb4.27.4&#8243; _module_preset=\u00bbdefault\u00bb hover_enabled=\u00bb0&#8243; global_colors_info=\u00bb{}\u00bb sticky_enabled=\u00bb0&#8243;]<\/p>\n<h1>T\u00e9rminos y condiciones de uso<\/h1>\n<h2>Introducci\u00f3n<\/h2>\n<p>Este documento contractual regir\u00e1 las Condiciones Generales de contrataci\u00f3n de productos (en adelante, \u00abCondiciones\u00bb) a trav\u00e9s del sitio web mascaro.es, propiedad de Antonio Mascar\u00f3 S.L. bajo la marca comercial de Mascar\u00f3, en adelante, PRESTADOR, los datos de contacto del cual figuran tambi\u00e9n en el Aviso Legal de este sitio web.<\/p>\n<p>Estas Condiciones permanecer\u00e1n publicadas en el sitio web a disposici\u00f3n del USUARIO para reproducirlas y guardarlas como confirmaci\u00f3n del contrato, pudiendo ser modificadas en cualquier momento por Antonio Mascar\u00f3 S.L. Es responsabilidad del USUARIO leerlas peri\u00f3dicamente, ya que ser\u00e1n de aplicaci\u00f3n aquellas que se encuentren vigentes en el momento de realizaci\u00f3n de pedidos. Antonio Mascar\u00f3 archivar\u00e1 el documento electr\u00f3nico donde se formalice la compra y lo tendr\u00e1 a disposici\u00f3n del USUARIO en caso de que este lo solicite.<\/p>\n<p>Los contratos no estar\u00e1n sujetos a formalidad alguna a excepci\u00f3n de los supuestos expresamente se\u00f1alados en los C\u00f3digos Civil y de Comercio y en esta o en otras leyes especiales.<\/p>\n<p>La aceptaci\u00f3n de este documento comporta que el USUARIO:<\/p>\n<ul>\n<li>Ha le\u00eddo, entiende y comprende lo que aqu\u00ed se expone.<\/li>\n<li>Es una persona con capacidad suficiente para contratar.<\/li>\n<li>Asume todas las obligaciones aqu\u00ed dispuestas.<\/li>\n<\/ul>\n<p>Estas condiciones tendr\u00e1n un per\u00edodo de validez indefinido y ser\u00e1n aplicables a todas las contrataciones realizadas a trav\u00e9s del sitio web del PRESTADOR.<\/p>\n<p>El PRESTADOR informa que el comercio es responsable y conoce la legislaci\u00f3n vigente de los pa\u00edses a los que env\u00eda los productos, reservando el derecho de modificar unilateralmente las condiciones, sin que ello pueda afectar a los bienes o promociones que fueran adquiridos previamente a la modificaci\u00f3n.<\/p>\n<h2>Identidad de las partes contratantes<\/h2>\n<p>Por un lado, el PRESTADOR de los productos contratados por el USUARIO es Antonio Mascar\u00f3 S.L., con domicilio social en la Calle Casal 9, Vilafranca del Pened\u00e8s, Barcelona y con correo electr\u00f3nico: mascaro@mascaro.es.<\/p>\n<p>Y por otra, el USUARIO, registrado en el sitio web mediante un nombre de usuario y contrase\u00f1a o como invitado, sobre los que tiene responsabilidad plena de uso y custodia, siendo responsable de la veracidad de los datos personales facilitadas al PRESTADOR.<\/p>\n<h2>Objeto del contrato<\/h2>\n<p>El presente contrato tiene por objeto regular la relaci\u00f3n contractual de compraventa nacida entre el PRESTADOR y el USUARIO en el momento que este acepta durante el proceso de contrataci\u00f3n online la casilla correspondiente.<\/p>\n<p>La relaci\u00f3n contractual de compraventa comporta la entrega, a cambio de un precio determinado y p\u00fablicamente expuesto a trav\u00e9s del sitio web, de un producto concreto.<\/p>\n<h2>Rectificaci\u00f3n de los datos<\/h2>\n<p>Cuando el USUARIO identifique errores en los datos publicados en el sitio web o en los documentos generados por la relaci\u00f3n contractual, podr\u00e1 notificarlo al correo mascaro@mascaro.es para que Antonio Mascar\u00f3 los corrija con la mayor brevedad posible.<\/p>\n<p>El USUARIO podr\u00e1 mantener actualizados sus datos accediendo a su cuenta de usuario.<\/p>\n<p>El USUARIO, para poder acceder a los productos o servicios que ofrece el PRESTADOR, deber\u00e1 ser mayor de edad o menor de edad, emancipado y darse de alta a trav\u00e9s del sitio web mediante la creaci\u00f3n de una cuenta de usuario o como invitado. Por ello, el USUARIO deber\u00e1 proporcionar de forma libre y voluntaria los datos personales que le ser\u00e1n requeridos, que se tratar\u00e1n de conformidad con lo dispuesto en el Reglamento (UE) 2016\/679, de 27 de abril de 2016 (GDPR), relativo a la protecci\u00f3n de las personas f\u00edsicas en cuanto al tratamiento de datos personales ya la libre circulaci\u00f3n de estos datos y la Ley Org\u00e1nica 3\/2018, de 5 de diciembre (LOPDGDD), relativa a la protecci\u00f3n de datos de car\u00e1cter personal y detallada en el Aviso legal y en la Pol\u00edtica de privacidad de este sitio web.<\/p>\n<p>El USUARIO seleccionar\u00e1 un nombre de usuario y una contrase\u00f1a, comprometi\u00e9ndose a hacer un uso diligente de los mismos ya no ponerlos a disposici\u00f3n de terceros, as\u00ed como a comunicar al PRESTADOR la p\u00e9rdida o robo de los mismos o el posible acceso por un tercero no autorizado, de modo que este proceda al bloqueo inmediato.<\/p>\n<p>Una vez creada la cuenta de usuario, se informa que conforma a lo que exige el art\u00edculo 27 de la Ley 34\/2002, de Servicios de la Sociedad de la Informaci\u00f3n y del Comercio Electr\u00f3nico (LSSICE), el procedimiento de contrataci\u00f3n seguir\u00e1 los siguientes pasos:<\/p>\n<h3>1. Cl\u00e1usulas de contrataci\u00f3n<\/h3>\n<p>Salvo estipulaci\u00f3n particular por escrito, la realizaci\u00f3n de un pedido al PRESTADOR supondr\u00e1 la aceptaci\u00f3n por parte del USUARIO de estas condiciones legales. Ninguna estipulaci\u00f3n hecha por el USUARIO podr\u00e1 diferir de las del PRESTADOR si no ha sido expresamente aceptada de antemano y por escrito por el PRESTADOR. <\/p>\n<h3>2. Env\u00edo y entrega de pedidos<\/h3>\n<p>El PRESTADOR no enviar\u00e1 ning\u00fan pedido hasta que no haya comprobado que se ha realizado el pago.<\/p>\n<p>El env\u00edo se realizar\u00e1 una vez confirmada la disponibilidad de la mercanc\u00eda y revisado el pago del pedido.<\/p>\n<p>En cuanto al plazo de entrega, se intenta enviar el pedido del\/de los producto\/s relacionados en la Confirmaci\u00f3n de Env\u00edos antes de la fecha de entrega que figura en la misma o bien, si no se especificara ninguna fecha de entrega, en el plazo de 5 d\u00edas a contar desde la fecha de la Confirmaci\u00f3n de env\u00edos.<\/p>\n<p>La fecha prevista de env\u00edo y entrega ser\u00e1n suministradas previamente a la confirmaci\u00f3n del pedido.<\/p>\n<p>En caso de no poder ejecutar el contrato para que el producto no est\u00e9 disponible en el plazo previsto, se informar\u00e1 al USUARIO de la falta de disponibilidad y que quedar\u00e1 legitimado para cancelar el pedido y recibir la devoluci\u00f3n del importe total pagado sin coste alguno.<\/p>\n<p>El PRESTADOR no asumir\u00e1 ninguna responsabilidad cuando la entrega del producto o servicio no llegue a realizarse, por ser los datos facilitados por el USUARIO, falsos, inexactos o incompletos.<\/p>\n<p>La entrega se considerar\u00e1 realizada en el momento en que el transportista haya puesto los productos a disposici\u00f3n del USUARIO y este, o el delegado del mismo, haya firmado el documento de recepci\u00f3n de la entrega.<\/p>\n<p>Corresponde al USUARIO verificar los productos en recepci\u00f3n y exponer todas las reclamaciones que puedan estar justificadas en el documento de recepci\u00f3n de la entrega.<\/p>\n<h3>3. Derecho de desistimiento<\/h3>\n<p>El USUARIO dispone de un plazo de catorce d\u00edas naturales, contados a partir de la fecha de recepci\u00f3n del producto, para ejercer el derecho de desistimiento, regulado en el art\u00edculo 102 del Real Decreto Legislativo 1\/2007, de 16 de noviembre, por el que se aprueba el texto refundido de la Ley General para la Defensa de los Consumidores y Usuarios y otras leyes complementarias, en adelante RDL 1\/2007. Si el PRESTADOR no cumple con el deber de informaci\u00f3n y documentaci\u00f3n sobre el derecho de desistimiento, el plazo para su ejercicio finalizar\u00e1 doce meses despu\u00e9s de la fecha de expiraci\u00f3n del per\u00edodo de desistimiento inicial, conforme al art\u00edculo 105 del RDL 1 \/2007.<\/p>\n<p>Toda devoluci\u00f3n deber\u00e1 comunicarse al PRESTADOR, solicitando un n\u00famero de devoluci\u00f3n por correo electr\u00f3nico a mascaro@mascaro.es, indicando el n\u00famero de factura o pedido correspondiente.<\/p>\n<h3>4. Reclamaciones y resoluci\u00f3n de litigios online<\/h3>\n<p>Cualquier reclamaci\u00f3n que el USUARIO considere oportuna ser\u00e1 atendida a la mayor brevedad posible, pudi\u00e9ndose realizar en las siguientes direcciones de contacto:<br \/>Postal: Carrer Casal 9, 08720 Vilafranca del Pened\u00e8s, Barcelona<br \/>E-mail: mascaro@mascaro.es<\/p>\n<p>Resoluci\u00f3n de litigios online (Online Dispute Resolution)<\/p>\n<p>Conforme al Art. 14.1 del Reglamento (UE) 524\/2013, la Comisi\u00f3n Europea facilita una plataforma de acceso gratuito para la resoluci\u00f3n de conflictos online entre el USUARIO y el PRESTADOR, sin necesidad de recurrir a los tribunales de justicia, mediante la intervenci\u00f3n de un tercero, llamado Organismo de resoluci\u00f3n de litigios, que act\u00faa de intermediario entre ambos. Este organismo es neutral y dialogar\u00e1 con ambas partes para conseguir un acuerdo, pudiendo finalmente sugerir y\/o imponer una soluci\u00f3n al conflicto.<\/p>\n<p>Enlace a la plataforma ODR: http:\/\/ec.europa.eu\/consumers\/odr\/<\/p>\n<h3>5. Fuerza Mayor<\/h3>\n<p>Las partes no incurrir\u00e1n en responsabilidad ante cualquier falta debida a causa mayor. El cumplimiento de la obligaci\u00f3n se demorar\u00e1 hasta el cese del caso de fuerza mayor. <\/p>\n<h3>6. Competencia<\/h3>\n<p>El USUARIO no podr\u00e1 ceder, transferir o transmitir los derechos, responsabilidades y obligaciones contratados en la venta.<\/p>\n<p>Si cualquier estipulaci\u00f3n de estas condiciones fuera considerada nula o de imposible cumplimiento, la validez, legalidad y cumplimiento del resto no se ver\u00e1n afectados en modo alguno, ni sufrir\u00e1n modificaci\u00f3n en modo alguno.<\/p>\n<p>El USUARIO declara haber le\u00eddo, conocer y aceptar las presentes Condiciones en toda su extensi\u00f3n.<\/p>\n<h3>7. Generalidades de la oferta<\/h3>\n<p>Todas las ventas y entregas efectuadas por el PRESTADOR se entender\u00e1n sujetas a las presentes Condiciones.<\/p>\n<p>Ninguna modificaci\u00f3n, alteraci\u00f3n o pacto contrario a la Propuesta Comercial de Antonio Mascar\u00f3 S.L. o a lo que aqu\u00ed se estipula, tendr\u00e1 efecto, salvo pacto expreso por escrito firmado por el PRESTADOR, en cuyo caso, estos pactos particulares prevalecer\u00e1n.<\/p>\n<h3>8. Precio y plazo de validez de la oferta<\/h3>\n<p>Los precios que se indican respecto de cada producto o servicio incluyen el impuesto sobre el valor a\u00f1adido (IVA) u otros impuestos que pudieran ser de aplicaci\u00f3n. Estos precios, salvo que expresamente se indique lo contrario, no incluyen los gastos de env\u00edo o comunicaci\u00f3n, manipulaci\u00f3n o cualquier otro servicio adicional y anexos al producto adquirido.<\/p>\n<p>Los precios aplicables a cada producto son los publicados en el sitio web y se expresar\u00e1n en la moneda EURO. El USUARIO asume que la valoraci\u00f3n econ\u00f3mica de algunos de los productos podr\u00e1 variar en tiempo real.<\/p>\n<p>Antes de realizar la compra podr\u00e1 comprobar online todos los detalles del presupuesto: art\u00edculos, cantidades, precio, disponibilidad, gastos de transporte, cargos, descuentos, impuestos y el total de la compra. Los precios pueden cambiar a diario mientras no se realice el pedido.<\/p>\n<p>Una vez realizado el pedido, los precios se mantendr\u00e1n tanto si existe disponibilidad de productos como si no.<\/p>\n<h3>9. Formas de pago, cargos y descuentos<\/h3>\n<p>El PRESTADOR es el responsable de las transacciones econ\u00f3micas y posibilita las siguientes formas para efectuar el pago de un pedido:<\/p>\n<ul>\n<li>Tarjeta de cr\u00e9dito<\/li>\n<li>Transferencia<\/li>\n<\/ul>\n<p>El USUARIO podr\u00e1 utilizar un cup\u00f3n de descuento en el momento previo a la finalizaci\u00f3n de la compra en caso de haberlo recibido por parte del PRESTADOR.<\/p>\n<h3>10. Medidas de seguridad<\/h3>\n<p>El sitio web utiliza t\u00e9cnicas de seguridad de la informaci\u00f3n generalmente aceptadas en la industria, tales como SSL, datos introducidos en p\u00e1gina segura, firewalls, procedimientos de control de acceso y mecanismos criptogr\u00e1ficos, todo ello con el objetivo de evitar el acceso no autorizado en los datos. Para conseguir estos fines, el usuario\/cliente acepta que el prestamista obtenga datos por efecto de la correspondiente autenticaci\u00f3n de los controles de acceso.<\/p>\n<p>El PRESTADOR se compromete a no permitir ninguna transacci\u00f3n que sea considerada ilegal por las marcas de tarjetas de cr\u00e9dito o el banco adquirente y que pueda o tenga el potencial de da\u00f1ar la buena voluntad de los mismos o influir de forma negativa en ellos.<\/p>\n<p>Est\u00e1 prohibida, en virtud de los programas de las marcas de tarjetas, la venta u oferta de un producto o servicio que no cumpla con todas las leyes aplicables al Comprador, Banco Emisor, Comerciante o Titular de la tarjeta o tarjetas.<\/p>\n<h3>11. Disociaci\u00f3n y suspensi\u00f3n o rescisi\u00f3n del contrato<\/h3>\n<p>Si cualquiera de estos t\u00e9rminos y condiciones se considerase ilegal, nula o por cualquier raz\u00f3n inaplicable, esta condici\u00f3n se considerar\u00e1 separable y no afectar\u00e1 a la validez y aplicabilidad de ninguna de las condiciones restantes.<\/p>\n<p>El PRESTADOR podr\u00e1, sin previo aviso, suspender o rescindir el acceso del USUARIO a sus servicios, en su totalidad o en parte, cuando el USUARIO no cumpla con las obligaciones establecidas en este contrato o cualquier disposici\u00f3n legal, licencia, reglamento, directiva, c\u00f3digo de pr\u00e1cticas o pol\u00edticas que le sean de aplicaci\u00f3n.<\/p>\n<p>Cuando el PRESTADOR ejerza cualquiera de sus derechos o facultades bajo esta Cl\u00e1usula, dicho ejercicio no perjudicar\u00e1 ni afectar\u00e1 al ejercicio de cualquier otro derecho, facultad o recurso que pueda estar a disposici\u00f3n del PRESTADOR.<\/p>\n<h3>12. Garant\u00edas y devoluciones<\/h3>\n<p>Las garant\u00edas responder\u00e1n a lo regulado en el T\u00edtulo referido a \u201cGarant\u00edas y servicios postventa\u201d del Real Decreto Legislativo 1\/2007, de 16 de noviembre, por el que se aprueba el texto refundido de la Ley General para la Defensa de los Consumidores y Usuarios y otras leyes complementarias.<\/p>\n<h3>13. Pol\u00edtica de Cancelaci\u00f3n de Visitas<\/h3>\n<p>Con el fin de garantizar una adecuada organizaci\u00f3n y ofrecer la mejor experiencia a todos nuestros visitantes, la bodega establece la siguiente pol\u00edtica de cancelaci\u00f3n:<\/p>\n<ol>\n<li><strong>Cancelaciones con m\u00e1s de 2 d\u00edas laborables de antelaci\u00f3n<\/strong>:<br \/>Las cancelaciones realizadas con un m\u00ednimo de <strong>2 d\u00edas laborables completos<\/strong> antes de la fecha y hora programadas de la visita podr\u00e1n ser modificadas o reembolsadas \u00edntegramente.<\/li>\n<li><strong>Cancelaciones con menos de 2 d\u00eda laborables de antelaci\u00f3n:<\/strong><br \/>En caso de cancelar la visita <strong>con menos de 2 d\u00edas laborables de antelaci\u00f3n<\/strong>, o en caso de no presentarse el d\u00eda de la reserva, se aplicar\u00e1 una <strong>penalizaci\u00f3n equivalente al 100% del importe de la visita<\/strong>, por lo que no <strong>habr\u00e1 derecho a devoluci\u00f3n<\/strong> del importe abonado.<\/li>\n<li><strong>Modificaciones:<\/strong><br \/>Cualquier solicitud de cambio de fecha u horario se considerar\u00e1 como cancelaci\u00f3n si no puede ser atendida y se aplicar\u00e1n las mismas condiciones anteriores.\n<p>Agradecemos su comprensi\u00f3n y colaboraci\u00f3n para permitirnos ofrecer un servicio de calidad y una correcta planificaci\u00f3n de nuestras actividades.<\/p>\n<\/li>\n<\/ol>\n<h3>14. Ley aplicable y jurisdicci\u00f3n<\/h3>\n<p>Este sitio se encuentra ubicado y es operado desde Espa\u00f1a. Todas las cuestiones relativas a este sitio se rigen por las leyes espa\u00f1olas y se someten a la jurisdicci\u00f3n de los Juzgados y Tribunales competentes de Espa\u00f1a, prevaleciendo en todo caso los derechos que al efecto reconoce la legislaci\u00f3n de protecci\u00f3n a los consumidores y usuarios, respetando en todo caso el foro del consumidor para la resoluci\u00f3n de cualquier litigio.<\/p>\n<p>En caso de tratarse de un consumidor que no tenga su residencia habitual en Espa\u00f1a, contar\u00e1 con la protecci\u00f3n que pueda ofrecer cualquier disposici\u00f3n imperativa de la legislaci\u00f3n de su pa\u00eds de residencia.<\/p>\n<p>La Comisi\u00f3n Europea ofrece una plataforma para la resoluci\u00f3n alternativa de conflictos, a la que puede acceder aqu\u00ed para comunicar su asunto:<br \/><a href=\"https:\/\/ec.europa.eu\/consumers\/odr\/\" target=\"_blank\" rel=\"noopener\">https:\/\/ec.europa.eu\/consumers\/odr\/<\/a><\/p>\n<p>[\/et_pb_text][\/et_pb_column][\/et_pb_row][\/et_pb_section]<\/p>\n","protected":false},"excerpt":{"rendered":"<p>T\u00e9rminos y condiciones de uso Introducci\u00f3n Este documento contractual regir\u00e1 las Condiciones Generales de contrataci\u00f3n de productos (en adelante, \u00abCondiciones\u00bb) a trav\u00e9s del sitio web mascaro.es, propiedad de Antonio Mascar\u00f3 S.L. bajo la marca comercial de Mascar\u00f3, en adelante, PRESTADOR, los datos de contacto del cual figuran tambi\u00e9n en el Aviso Legal de este sitio [&hellip;]<\/p>\n","protected":false},"author":1,"featured_media":0,"parent":0,"menu_order":0,"comment_status":"closed","ping_status":"closed","template":"","meta":{"_acf_changed":false,"_et_pb_use_builder":"on","_et_pb_old_content":"","_et_gb_content_width":"","footnotes":""},"class_list":["post-2697","page","type-page","status-publish","hentry"],"acf":[],"_links":{"self":[{"href":"https:\/\/www.mascaro.es\/es\/wp-json\/wp\/v2\/pages\/2697","targetHints":{"allow":["GET"]}}],"collection":[{"href":"https:\/\/www.mascaro.es\/es\/wp-json\/wp\/v2\/pages"}],"about":[{"href":"https:\/\/www.mascaro.es\/es\/wp-json\/wp\/v2\/types\/page"}],"author":[{"embeddable":true,"href":"https:\/\/www.mascaro.es\/es\/wp-json\/wp\/v2\/users\/1"}],"replies":[{"embeddable":true,"href":"https:\/\/www.mascaro.es\/es\/wp-json\/wp\/v2\/comments?post=2697"}],"version-history":[{"count":6,"href":"https:\/\/www.mascaro.es\/es\/wp-json\/wp\/v2\/pages\/2697\/revisions"}],"predecessor-version":[{"id":3421,"href":"https:\/\/www.mascaro.es\/es\/wp-json\/wp\/v2\/pages\/2697\/revisions\/3421"}],"wp:attachment":[{"href":"https:\/\/www.mascaro.es\/es\/wp-json\/wp\/v2\/media?parent=2697"}],"curies":[{"name":"wp","href":"https:\/\/api.w.org\/{rel}","templated":true}]}}