{"id":1167,"date":"2023-08-04T10:20:58","date_gmt":"2023-08-04T10:20:58","guid":{"rendered":"https:\/\/www.mascaro.es\/product\/cuvee-antonio-mascarocava-gran-reservabrut-nature\/"},"modified":"2024-08-28T09:57:46","modified_gmt":"2024-08-28T09:57:46","slug":"cuvee-antoni-mascaro","status":"publish","type":"product","link":"https:\/\/www.mascaro.es\/es\/cava-es\/cuvee-antoni-mascaro\/","title":{"rendered":"Cuv\u00e9e \u00abAntonio Mascar\u00f3\u00bb <br>Cava Gran Reserva <br>Brut Nature"},"content":{"rendered":"<p>La etiqueta de cada botella de Cuv\u00e9e lleva la firma de Antonio Mascar\u00f3 que durante su etapa al frente de la casa llev\u00f3 la producci\u00f3n de cavas hacia las largas crianzas que hoy en d\u00eda nos caracterizan. <\/p>\n<h3>El cava para acompa\u00f1ar un gran \u00e1gape, de principio a fin.<\/h3>\n<p> Cuv\u00e9e es un cava sofisticado y elegante, fiel reflejo de nuestro proceso de producci\u00f3n artesanal. La gran cantidad de matices que encierra lo transforman en un cava particularmente gastron\u00f3mico.<\/p>\n","protected":false},"excerpt":{"rendered":"<p>La larga crianza de este cava le confiere una estructura y complejidad \u00fanicas<\/p>\n","protected":false},"featured_media":380,"comment_status":"closed","ping_status":"closed","template":"","meta":{"_acf_changed":false,"_et_pb_use_builder":"","_et_pb_old_content":"","_et_gb_content_width":""},"product_brand":[],"product_cat":[47,48,49],"product_tag":[],"class_list":{"0":"post-1167","1":"product","2":"type-product","3":"status-publish","4":"has-post-thumbnail","6":"product_cat-cava-es","7":"product_cat-cavas-y-espirituosos","8":"product_cat-gran-reserves-es","10":"first","11":"outofstock","12":"purchasable","13":"product-type-simple"},"exclude_global_add_ons":[],"addons":[],"acf":[],"_links":{"self":[{"href":"https:\/\/www.mascaro.es\/es\/wp-json\/wp\/v2\/product\/1167","targetHints":{"allow":["GET"]}}],"collection":[{"href":"https:\/\/www.mascaro.es\/es\/wp-json\/wp\/v2\/product"}],"about":[{"href":"https:\/\/www.mascaro.es\/es\/wp-json\/wp\/v2\/types\/product"}],"replies":[{"embeddable":true,"href":"https:\/\/www.mascaro.es\/es\/wp-json\/wp\/v2\/comments?post=1167"}],"wp:featuredmedia":[{"embeddable":true,"href":"https:\/\/www.mascaro.es\/es\/wp-json\/wp\/v2\/media\/380"}],"wp:attachment":[{"href":"https:\/\/www.mascaro.es\/es\/wp-json\/wp\/v2\/media?parent=1167"}],"wp:term":[{"taxonomy":"product_brand","embeddable":true,"href":"https:\/\/www.mascaro.es\/es\/wp-json\/wp\/v2\/product_brand?post=1167"},{"taxonomy":"product_cat","embeddable":true,"href":"https:\/\/www.mascaro.es\/es\/wp-json\/wp\/v2\/product_cat?post=1167"},{"taxonomy":"product_tag","embeddable":true,"href":"https:\/\/www.mascaro.es\/es\/wp-json\/wp\/v2\/product_tag?post=1167"}],"curies":[{"name":"wp","href":"https:\/\/api.w.org\/{rel}","templated":true}]}}