{"id":1181,"date":"2023-08-04T10:20:58","date_gmt":"2023-08-04T10:20:58","guid":{"rendered":"https:\/\/www.mascaro.es\/product\/ambrosia-cava-reserva-semi-seco\/"},"modified":"2024-02-19T22:24:39","modified_gmt":"2024-02-19T22:24:39","slug":"ambrosia","status":"publish","type":"product","link":"https:\/\/www.mascaro.es\/es\/cava-es\/ambrosia\/","title":{"rendered":"Ambros\u00eda <br>Cava Reserva <br>Semi Seco"},"content":{"rendered":"<p>El cava es para nosotros lo que la ambros\u00eda era para los dioses de la Grecia cl\u00e1sica: el exquisito licor de los placeres terrenales y divinos.<\/p>\n<h2>El final de un gran \u00e1gape.<\/h2>\n<p>Ambros\u00eda es un cava equilibrado, suave y redondo, ideal para acompa\u00f1ar postres y alargar los \u00e1gapes m\u00e1s refinados.<\/p>\n","protected":false},"excerpt":{"rendered":"<p>El elixir de la eterna juventud<\/p>\n","protected":false},"featured_media":378,"comment_status":"closed","ping_status":"closed","template":"","meta":{"_acf_changed":false,"_et_pb_use_builder":"","_et_pb_old_content":"","_et_gb_content_width":""},"product_brand":[],"product_cat":[47,48,51],"product_tag":[],"class_list":{"0":"post-1181","1":"product","2":"type-product","3":"status-publish","4":"has-post-thumbnail","6":"product_cat-cava-es","7":"product_cat-cavas-y-espirituosos","8":"product_cat-reservas","10":"first","11":"outofstock","12":"purchasable","13":"product-type-simple"},"exclude_global_add_ons":[],"addons":[],"acf":[],"_links":{"self":[{"href":"https:\/\/www.mascaro.es\/es\/wp-json\/wp\/v2\/product\/1181","targetHints":{"allow":["GET"]}}],"collection":[{"href":"https:\/\/www.mascaro.es\/es\/wp-json\/wp\/v2\/product"}],"about":[{"href":"https:\/\/www.mascaro.es\/es\/wp-json\/wp\/v2\/types\/product"}],"replies":[{"embeddable":true,"href":"https:\/\/www.mascaro.es\/es\/wp-json\/wp\/v2\/comments?post=1181"}],"wp:featuredmedia":[{"embeddable":true,"href":"https:\/\/www.mascaro.es\/es\/wp-json\/wp\/v2\/media\/378"}],"wp:attachment":[{"href":"https:\/\/www.mascaro.es\/es\/wp-json\/wp\/v2\/media?parent=1181"}],"wp:term":[{"taxonomy":"product_brand","embeddable":true,"href":"https:\/\/www.mascaro.es\/es\/wp-json\/wp\/v2\/product_brand?post=1181"},{"taxonomy":"product_cat","embeddable":true,"href":"https:\/\/www.mascaro.es\/es\/wp-json\/wp\/v2\/product_cat?post=1181"},{"taxonomy":"product_tag","embeddable":true,"href":"https:\/\/www.mascaro.es\/es\/wp-json\/wp\/v2\/product_tag?post=1181"}],"curies":[{"name":"wp","href":"https:\/\/api.w.org\/{rel}","templated":true}]}}