{"id":1182,"date":"2023-08-04T10:20:58","date_gmt":"2023-08-04T10:20:58","guid":{"rendered":"https:\/\/www.mascaro.es\/product\/initiumcava-reservabrut\/"},"modified":"2024-08-28T09:55:53","modified_gmt":"2024-08-28T09:55:53","slug":"initium","status":"publish","type":"product","link":"https:\/\/www.mascaro.es\/es\/cava-es\/initium\/","title":{"rendered":"Initium <br>Cava Reserva <br>Brut"},"content":{"rendered":"<p>Este cava es, desde 1946, nuestra interpretaci\u00f3n del tradicional coupage de Macabeo, Xarel\u00b7lo y Parellada, las tres variedades m\u00e1s caracter\u00edsticas del Pened\u00e8s, que aportan a este cava Brut equilibrio y versatilidad. Initium es el inicio perfecto de una cena en pareja, el pr\u00f3logo de tantos encuentros familiares, el brindis perfecto en una celebraci\u00f3n entre amigos.<\/p>\n","protected":false},"excerpt":{"rendered":"<p>Nuestra interpretaci\u00f3n del tradicional coupage del Pened\u00e8s.<\/p>\n","protected":false},"featured_media":388,"comment_status":"closed","ping_status":"closed","template":"","meta":{"_acf_changed":false,"_et_pb_use_builder":"","_et_pb_old_content":"","_et_gb_content_width":""},"product_brand":[],"product_cat":[47,48,51],"product_tag":[],"class_list":{"0":"post-1182","1":"product","2":"type-product","3":"status-publish","4":"has-post-thumbnail","6":"product_cat-cava-es","7":"product_cat-cavas-y-espirituosos","8":"product_cat-reservas","10":"first","11":"outofstock","12":"purchasable","13":"product-type-simple"},"exclude_global_add_ons":[],"addons":[],"acf":[],"_links":{"self":[{"href":"https:\/\/www.mascaro.es\/es\/wp-json\/wp\/v2\/product\/1182","targetHints":{"allow":["GET"]}}],"collection":[{"href":"https:\/\/www.mascaro.es\/es\/wp-json\/wp\/v2\/product"}],"about":[{"href":"https:\/\/www.mascaro.es\/es\/wp-json\/wp\/v2\/types\/product"}],"replies":[{"embeddable":true,"href":"https:\/\/www.mascaro.es\/es\/wp-json\/wp\/v2\/comments?post=1182"}],"wp:featuredmedia":[{"embeddable":true,"href":"https:\/\/www.mascaro.es\/es\/wp-json\/wp\/v2\/media\/388"}],"wp:attachment":[{"href":"https:\/\/www.mascaro.es\/es\/wp-json\/wp\/v2\/media?parent=1182"}],"wp:term":[{"taxonomy":"product_brand","embeddable":true,"href":"https:\/\/www.mascaro.es\/es\/wp-json\/wp\/v2\/product_brand?post=1182"},{"taxonomy":"product_cat","embeddable":true,"href":"https:\/\/www.mascaro.es\/es\/wp-json\/wp\/v2\/product_cat?post=1182"},{"taxonomy":"product_tag","embeddable":true,"href":"https:\/\/www.mascaro.es\/es\/wp-json\/wp\/v2\/product_tag?post=1182"}],"curies":[{"name":"wp","href":"https:\/\/api.w.org\/{rel}","templated":true}]}}