{"id":1183,"date":"2023-10-10T14:18:46","date_gmt":"2023-10-10T14:18:46","guid":{"rendered":"https:\/\/www.mascaro.es\/product\/enoturismo-by-mascaro-la-visita-bienvenidos-a-mascaro\/"},"modified":"2024-04-15T11:04:25","modified_gmt":"2024-04-15T11:04:25","slug":"enoturisme-by-mascaro-la-visita-bienvenidos-a-mascaro","status":"publish","type":"product","link":"https:\/\/www.mascaro.es\/es\/visitas\/enoturisme-by-mascaro-la-visita-bienvenidos-a-mascaro\/","title":{"rendered":"Visita enotur\u00edstica a la bodega familiar Mascar\u00f3"},"content":{"rendered":"<h3>Bodega familiar en el Pened\u00e9s<\/h3>\n<p>Nuestras cavas est\u00e1n situadas en el coraz\u00f3n de Vilafranca del Pened\u00e8s, a s\u00f3lo unos pasos de la estaci\u00f3n de tren. El edificio modernista de 1912 es obra del arquitecto Santiago G\u00fcell Grau, y esconde varios niveles de galer\u00edas subterr\u00e1neas donde envejecen nuestros cavas.<br \/>\nDurante la visita te explicaremos el proceso de elaboraci\u00f3n de este producto y la historia de nuestra familia.<br \/>\nFinalmente, podr\u00e1s realizar una cata de 4 cavas de guarda superior.<\/p>\n<h3>Reserva tu visita enotur\u00edstica<\/h3>\n<p>Durante la visita existe la oportunidad de adquirir alguno de los productos elaborados en nuestras bodega y destiler\u00eda, para poder disfrutarlos en casa o con amigos.<\/p>\n<p>DURADA DE LA VISITA: 1 h 30\u2019 aprox.<\/p>\n<p>HORARIO DE VISITA: Martes y jueves a las 10:00 y a las 16:00<\/p>\n<p>*Para otras opciones contacta con nosotros.<\/p>\n<p>IDIOMAS: Catal\u00e1n, Castellano e Ingl\u00e9s.<\/p>\n<p>Precio: 20 \u20ac<\/p>\n<p>*Si reservas con menos de 48 h de antelaci\u00f3n, contacta con nosotros para confirmar la visita.<\/p>\n","protected":false},"excerpt":{"rendered":"<p>Visita las cavas de Mascar\u00f3.<\/p>\n","protected":false},"featured_media":752,"comment_status":"open","ping_status":"closed","template":"","meta":{"_acf_changed":false,"_et_pb_use_builder":"","_et_pb_old_content":"","_et_gb_content_width":""},"product_brand":[],"product_cat":[53],"product_tag":[],"class_list":{"0":"post-1183","1":"product","2":"type-product","3":"status-publish","4":"has-post-thumbnail","6":"product_cat-visitas","8":"first","9":"instock","10":"virtual","11":"purchasable","12":"product-type-appointment"},"exclude_global_add_ons":[],"addons":[],"acf":[],"_links":{"self":[{"href":"https:\/\/www.mascaro.es\/es\/wp-json\/wp\/v2\/product\/1183","targetHints":{"allow":["GET"]}}],"collection":[{"href":"https:\/\/www.mascaro.es\/es\/wp-json\/wp\/v2\/product"}],"about":[{"href":"https:\/\/www.mascaro.es\/es\/wp-json\/wp\/v2\/types\/product"}],"replies":[{"embeddable":true,"href":"https:\/\/www.mascaro.es\/es\/wp-json\/wp\/v2\/comments?post=1183"}],"wp:featuredmedia":[{"embeddable":true,"href":"https:\/\/www.mascaro.es\/es\/wp-json\/wp\/v2\/media\/752"}],"wp:attachment":[{"href":"https:\/\/www.mascaro.es\/es\/wp-json\/wp\/v2\/media?parent=1183"}],"wp:term":[{"taxonomy":"product_brand","embeddable":true,"href":"https:\/\/www.mascaro.es\/es\/wp-json\/wp\/v2\/product_brand?post=1183"},{"taxonomy":"product_cat","embeddable":true,"href":"https:\/\/www.mascaro.es\/es\/wp-json\/wp\/v2\/product_cat?post=1183"},{"taxonomy":"product_tag","embeddable":true,"href":"https:\/\/www.mascaro.es\/es\/wp-json\/wp\/v2\/product_tag?post=1183"}],"curies":[{"name":"wp","href":"https:\/\/api.w.org\/{rel}","templated":true}]}}