{"id":1184,"date":"2023-08-04T10:20:58","date_gmt":"2023-08-04T10:20:58","guid":{"rendered":"https:\/\/www.mascaro.es\/product\/licor-de-naranjamascaro\/"},"modified":"2024-08-28T09:30:54","modified_gmt":"2024-08-28T09:30:54","slug":"licor-de-naranja","status":"publish","type":"product","link":"https:\/\/www.mascaro.es\/es\/cavas-y-espirituosos\/licor-de-naranja\/","title":{"rendered":"Licor de naranja<br>Mascar\u00f3"},"content":{"rendered":"<h2>Esencial en cocteler\u00eda, imprescindible para la reposter\u00eda.<\/h2>\n<p> El licor de naranja Mascar\u00f3 se elabora desde 1946 seg\u00fan la f\u00f3rmula dise\u00f1ada por Narc\u00eds. La doble destilaci\u00f3n de la piel de distintos tipos de naranja nos permite captar la esencia arom\u00e1tica de esta fruta tan mediterr\u00e1nea. Su intensidad transforma cualquier c\u00f3ctel.<\/p>\n","protected":false},"excerpt":{"rendered":"<p>La esencia de la naranja est\u00e1 en su piel.<\/p>\n","protected":false},"featured_media":390,"comment_status":"closed","ping_status":"closed","template":"","meta":{"_acf_changed":false,"_et_pb_use_builder":"","_et_pb_old_content":"","_et_gb_content_width":""},"product_brand":[],"product_cat":[48,55,56,54],"product_tag":[],"class_list":{"0":"post-1184","1":"product","2":"type-product","3":"status-publish","4":"has-post-thumbnail","6":"product_cat-cavas-y-espirituosos","7":"product_cat-destilados","8":"product_cat-licores","9":"product_cat-vermuts-y-destilados","11":"first","12":"outofstock","13":"purchasable","14":"product-type-simple"},"exclude_global_add_ons":[],"addons":[],"acf":[],"_links":{"self":[{"href":"https:\/\/www.mascaro.es\/es\/wp-json\/wp\/v2\/product\/1184","targetHints":{"allow":["GET"]}}],"collection":[{"href":"https:\/\/www.mascaro.es\/es\/wp-json\/wp\/v2\/product"}],"about":[{"href":"https:\/\/www.mascaro.es\/es\/wp-json\/wp\/v2\/types\/product"}],"replies":[{"embeddable":true,"href":"https:\/\/www.mascaro.es\/es\/wp-json\/wp\/v2\/comments?post=1184"}],"wp:featuredmedia":[{"embeddable":true,"href":"https:\/\/www.mascaro.es\/es\/wp-json\/wp\/v2\/media\/390"}],"wp:attachment":[{"href":"https:\/\/www.mascaro.es\/es\/wp-json\/wp\/v2\/media?parent=1184"}],"wp:term":[{"taxonomy":"product_brand","embeddable":true,"href":"https:\/\/www.mascaro.es\/es\/wp-json\/wp\/v2\/product_brand?post=1184"},{"taxonomy":"product_cat","embeddable":true,"href":"https:\/\/www.mascaro.es\/es\/wp-json\/wp\/v2\/product_cat?post=1184"},{"taxonomy":"product_tag","embeddable":true,"href":"https:\/\/www.mascaro.es\/es\/wp-json\/wp\/v2\/product_tag?post=1184"}],"curies":[{"name":"wp","href":"https:\/\/api.w.org\/{rel}","templated":true}]}}