{"id":1185,"date":"2023-08-04T10:20:58","date_gmt":"2023-08-04T10:20:58","guid":{"rendered":"https:\/\/www.mascaro.es\/product\/marcmascaro\/"},"modified":"2024-08-28T10:01:05","modified_gmt":"2024-08-28T10:01:05","slug":"marc","status":"publish","type":"product","link":"https:\/\/www.mascaro.es\/es\/cavas-y-espirituosos\/marc\/","title":{"rendered":"Marc <br>Mascar\u00f3"},"content":{"rendered":"<h2>La interpretaci\u00f3n de nuestro paisaje.<\/h2>\n<p> Este destilado que llamamos tanto \u201cMarc\u201d como \u201cOrujo\u201d se elabora a partir de la destilaci\u00f3n de brisa (residuo del prensado de la uva). En la piel de la uva encontramos concentrados los aromas propios de cada variedad y mediante la destilaci\u00f3n obtenemos un aguardiente que guarda toda esta expresividad. Marc Mascar\u00f3 envejece en botas de roble franc\u00e9s para conseguir un final redondo y aterciopelado.<\/p>\n","protected":false},"excerpt":{"rendered":"<p>La expresi\u00f3n de la uva<\/p>\n","protected":false},"featured_media":392,"comment_status":"closed","ping_status":"closed","template":"","meta":{"_acf_changed":false,"_et_pb_use_builder":"","_et_pb_old_content":"","_et_gb_content_width":""},"product_brand":[],"product_cat":[48,55,56,54],"product_tag":[],"class_list":{"0":"post-1185","1":"product","2":"type-product","3":"status-publish","4":"has-post-thumbnail","6":"product_cat-cavas-y-espirituosos","7":"product_cat-destilados","8":"product_cat-licores","9":"product_cat-vermuts-y-destilados","11":"first","12":"outofstock","13":"purchasable","14":"product-type-simple"},"exclude_global_add_ons":[],"addons":[],"acf":[],"_links":{"self":[{"href":"https:\/\/www.mascaro.es\/es\/wp-json\/wp\/v2\/product\/1185","targetHints":{"allow":["GET"]}}],"collection":[{"href":"https:\/\/www.mascaro.es\/es\/wp-json\/wp\/v2\/product"}],"about":[{"href":"https:\/\/www.mascaro.es\/es\/wp-json\/wp\/v2\/types\/product"}],"replies":[{"embeddable":true,"href":"https:\/\/www.mascaro.es\/es\/wp-json\/wp\/v2\/comments?post=1185"}],"wp:featuredmedia":[{"embeddable":true,"href":"https:\/\/www.mascaro.es\/es\/wp-json\/wp\/v2\/media\/392"}],"wp:attachment":[{"href":"https:\/\/www.mascaro.es\/es\/wp-json\/wp\/v2\/media?parent=1185"}],"wp:term":[{"taxonomy":"product_brand","embeddable":true,"href":"https:\/\/www.mascaro.es\/es\/wp-json\/wp\/v2\/product_brand?post=1185"},{"taxonomy":"product_cat","embeddable":true,"href":"https:\/\/www.mascaro.es\/es\/wp-json\/wp\/v2\/product_cat?post=1185"},{"taxonomy":"product_tag","embeddable":true,"href":"https:\/\/www.mascaro.es\/es\/wp-json\/wp\/v2\/product_tag?post=1185"}],"curies":[{"name":"wp","href":"https:\/\/api.w.org\/{rel}","templated":true}]}}