{"id":1187,"date":"2023-08-04T10:20:58","date_gmt":"2023-08-04T10:20:58","guid":{"rendered":"https:\/\/www.mascaro.es\/product\/london-dry-gingin-9\/"},"modified":"2024-08-28T09:34:55","modified_gmt":"2024-08-28T09:34:55","slug":"gin9","status":"publish","type":"product","link":"https:\/\/www.mascaro.es\/es\/cavas-y-espirituosos\/gin9\/","title":{"rendered":"London Dry Gin <br>GIN9"},"content":{"rendered":"<h2>London Dry indispensable y vers\u00e1til para los mejores gint\u00f2nics.<\/h2>\n<p> Durante muchos a\u00f1os Antonio Mascar\u00f3 elabor\u00f3 un dry gin, fruto de la destilaci\u00f3n en alambiques de cobre de alcoholes finos aromatizados \u00fanicamente con bayas de enebro con la que se gan\u00f3 el afecto de los amantes del emblem\u00e1tico <em>\u00abGin-on-the-rocks\u00bb<\/em>. Gin 9 resurge con todo su esplendor, arom\u00e1tico, potente y sofisticado. Imprescindible en cocteler\u00eda.<\/p>\n","protected":false},"excerpt":{"rendered":"<p>Esencia de bayas de enebro mediterr\u00e1neo.<\/p>\n","protected":false},"featured_media":384,"comment_status":"closed","ping_status":"closed","template":"","meta":{"_acf_changed":false,"_et_pb_use_builder":"","_et_pb_old_content":"","_et_gb_content_width":""},"product_brand":[],"product_cat":[48,55,56,54],"product_tag":[],"class_list":{"0":"post-1187","1":"product","2":"type-product","3":"status-publish","4":"has-post-thumbnail","6":"product_cat-cavas-y-espirituosos","7":"product_cat-destilados","8":"product_cat-licores","9":"product_cat-vermuts-y-destilados","11":"first","12":"outofstock","13":"purchasable","14":"product-type-simple"},"exclude_global_add_ons":[],"addons":[],"acf":[],"_links":{"self":[{"href":"https:\/\/www.mascaro.es\/es\/wp-json\/wp\/v2\/product\/1187","targetHints":{"allow":["GET"]}}],"collection":[{"href":"https:\/\/www.mascaro.es\/es\/wp-json\/wp\/v2\/product"}],"about":[{"href":"https:\/\/www.mascaro.es\/es\/wp-json\/wp\/v2\/types\/product"}],"replies":[{"embeddable":true,"href":"https:\/\/www.mascaro.es\/es\/wp-json\/wp\/v2\/comments?post=1187"}],"wp:featuredmedia":[{"embeddable":true,"href":"https:\/\/www.mascaro.es\/es\/wp-json\/wp\/v2\/media\/384"}],"wp:attachment":[{"href":"https:\/\/www.mascaro.es\/es\/wp-json\/wp\/v2\/media?parent=1187"}],"wp:term":[{"taxonomy":"product_brand","embeddable":true,"href":"https:\/\/www.mascaro.es\/es\/wp-json\/wp\/v2\/product_brand?post=1187"},{"taxonomy":"product_cat","embeddable":true,"href":"https:\/\/www.mascaro.es\/es\/wp-json\/wp\/v2\/product_cat?post=1187"},{"taxonomy":"product_tag","embeddable":true,"href":"https:\/\/www.mascaro.es\/es\/wp-json\/wp\/v2\/product_tag?post=1187"}],"curies":[{"name":"wp","href":"https:\/\/api.w.org\/{rel}","templated":true}]}}