{"id":1188,"date":"2023-08-04T10:20:58","date_gmt":"2023-08-04T10:20:58","guid":{"rendered":"https:\/\/www.mascaro.es\/product\/brandinarciso\/"},"modified":"2024-08-28T09:27:43","modified_gmt":"2024-08-28T09:27:43","slug":"narciso","status":"publish","type":"product","link":"https:\/\/www.mascaro.es\/es\/brandi-es\/narciso\/","title":{"rendered":"Brandy<br>Narciso"},"content":{"rendered":"<p>Siguiendo la huella de nuestro fundador Narc\u00eds Mascar\u00f3 elaboramos este brandy a partir de uvas procedentes de vi\u00f1as propias de la variedad Ugni Blanc. <\/p>\n<h2>La elecci\u00f3n del bartender.<\/h2>\n<p> Narciso ha sido dise\u00f1ado de la mano de los barmans m\u00e1s reputados de Barcelona, que encuentran en sus aromas afrutados y en la suavidad de la madera un aliado perfecto para desarrollar su creatividad. <\/p>\n","protected":false},"excerpt":{"rendered":"<p>Un brandy de terru\u00f1o<\/p>\n","protected":false},"featured_media":396,"comment_status":"closed","ping_status":"closed","template":"","meta":{"_acf_changed":false,"_et_pb_use_builder":"","_et_pb_old_content":"","_et_gb_content_width":""},"product_brand":[],"product_cat":[58,48,55,54],"product_tag":[],"class_list":{"0":"post-1188","1":"product","2":"type-product","3":"status-publish","4":"has-post-thumbnail","6":"product_cat-brandi-es","7":"product_cat-cavas-y-espirituosos","8":"product_cat-destilados","9":"product_cat-vermuts-y-destilados","11":"first","12":"outofstock","13":"purchasable","14":"product-type-simple"},"exclude_global_add_ons":[],"addons":[],"acf":[],"_links":{"self":[{"href":"https:\/\/www.mascaro.es\/es\/wp-json\/wp\/v2\/product\/1188","targetHints":{"allow":["GET"]}}],"collection":[{"href":"https:\/\/www.mascaro.es\/es\/wp-json\/wp\/v2\/product"}],"about":[{"href":"https:\/\/www.mascaro.es\/es\/wp-json\/wp\/v2\/types\/product"}],"replies":[{"embeddable":true,"href":"https:\/\/www.mascaro.es\/es\/wp-json\/wp\/v2\/comments?post=1188"}],"wp:featuredmedia":[{"embeddable":true,"href":"https:\/\/www.mascaro.es\/es\/wp-json\/wp\/v2\/media\/396"}],"wp:attachment":[{"href":"https:\/\/www.mascaro.es\/es\/wp-json\/wp\/v2\/media?parent=1188"}],"wp:term":[{"taxonomy":"product_brand","embeddable":true,"href":"https:\/\/www.mascaro.es\/es\/wp-json\/wp\/v2\/product_brand?post=1188"},{"taxonomy":"product_cat","embeddable":true,"href":"https:\/\/www.mascaro.es\/es\/wp-json\/wp\/v2\/product_cat?post=1188"},{"taxonomy":"product_tag","embeddable":true,"href":"https:\/\/www.mascaro.es\/es\/wp-json\/wp\/v2\/product_tag?post=1188"}],"curies":[{"name":"wp","href":"https:\/\/api.w.org\/{rel}","templated":true}]}}