{"id":1190,"date":"2024-05-04T10:20:58","date_gmt":"2024-05-04T10:20:58","guid":{"rendered":"https:\/\/www.mascaro.es\/product\/vermutsiset\/"},"modified":"2024-08-28T09:24:11","modified_gmt":"2024-08-28T09:24:11","slug":"siset","status":"publish","type":"product","link":"https:\/\/www.mascaro.es\/es\/cavas-y-espirituosos\/siset\/","title":{"rendered":"Vermut <br>Siset"},"content":{"rendered":"<h2>Goloso y equilibrado, perfecto para disfrutar en buena compa\u00f1\u00eda.<\/h2>\n<p> Siset es un vermut de finca. Se elabora con vinos de la variedad Parellada de \u00abMas Miquel\u00bb y holandas de la solera del abuelo Siset, destiladas a partir de vinos de nuestra finca \u00abEl Castell\u00bb. <\/p>\n","protected":false},"excerpt":{"rendered":"<p>Car\u00e1cter mediterr\u00e1neo con ADN del Pened\u00e8s.<\/p>\n","protected":false},"featured_media":405,"comment_status":"closed","ping_status":"closed","template":"","meta":{"_acf_changed":false,"_et_pb_use_builder":"","_et_pb_old_content":"","_et_gb_content_width":""},"product_brand":[],"product_cat":[48,57,54],"product_tag":[],"class_list":{"0":"post-1190","1":"product","2":"type-product","3":"status-publish","4":"has-post-thumbnail","6":"product_cat-cavas-y-espirituosos","7":"product_cat-vermuts-es","8":"product_cat-vermuts-y-destilados","10":"first","11":"outofstock","12":"purchasable","13":"product-type-simple"},"exclude_global_add_ons":[],"addons":[],"acf":[],"_links":{"self":[{"href":"https:\/\/www.mascaro.es\/es\/wp-json\/wp\/v2\/product\/1190","targetHints":{"allow":["GET"]}}],"collection":[{"href":"https:\/\/www.mascaro.es\/es\/wp-json\/wp\/v2\/product"}],"about":[{"href":"https:\/\/www.mascaro.es\/es\/wp-json\/wp\/v2\/types\/product"}],"replies":[{"embeddable":true,"href":"https:\/\/www.mascaro.es\/es\/wp-json\/wp\/v2\/comments?post=1190"}],"wp:featuredmedia":[{"embeddable":true,"href":"https:\/\/www.mascaro.es\/es\/wp-json\/wp\/v2\/media\/405"}],"wp:attachment":[{"href":"https:\/\/www.mascaro.es\/es\/wp-json\/wp\/v2\/media?parent=1190"}],"wp:term":[{"taxonomy":"product_brand","embeddable":true,"href":"https:\/\/www.mascaro.es\/es\/wp-json\/wp\/v2\/product_brand?post=1190"},{"taxonomy":"product_cat","embeddable":true,"href":"https:\/\/www.mascaro.es\/es\/wp-json\/wp\/v2\/product_cat?post=1190"},{"taxonomy":"product_tag","embeddable":true,"href":"https:\/\/www.mascaro.es\/es\/wp-json\/wp\/v2\/product_tag?post=1190"}],"curies":[{"name":"wp","href":"https:\/\/api.w.org\/{rel}","templated":true}]}}