{"id":1191,"date":"2023-08-04T10:20:58","date_gmt":"2023-08-04T10:20:58","guid":{"rendered":"https:\/\/www.mascaro.es\/product\/brandi-vintageparellada-2006\/"},"modified":"2024-08-28T09:43:59","modified_gmt":"2024-08-28T09:43:59","slug":"vintage-parellada-2006","status":"publish","type":"product","link":"https:\/\/www.mascaro.es\/es\/brandi-es\/vintage-parellada-2006\/","title":{"rendered":"Brandy Vintage <br>\u00abParellada 2006\u00bb"},"content":{"rendered":"<p>El esp\u00edritu del brandy Vintage es demostrar que la variedad y la a\u00f1ada son fundamentales en la elaboraci\u00f3n del brandy. <\/p>\n<h2>Los brandies de la edici\u00f3n Vintage son siempre de una sola variedad y de una \u00fanica a\u00f1ada.<\/h2>\n<p> Se trata de una edici\u00f3n limitada, hecha exclusivamente de Parellada de la a\u00f1ada 2006. Hemos escogido est\u00e1 variedad de la a\u00f1ada de 2006 para elaborar un brandy delicado y elegante, ideal para disfrutarlo con un postre o en una sobremesa.<\/p>\n","protected":false},"excerpt":{"rendered":"<p>El paisaje del Pened\u00e8s embotellado.<\/p>\n","protected":false},"featured_media":1003,"comment_status":"closed","ping_status":"closed","template":"","meta":{"_acf_changed":false,"_et_pb_use_builder":"","_et_pb_old_content":"","_et_gb_content_width":""},"product_brand":[],"product_cat":[58,48,55,54],"product_tag":[],"class_list":{"0":"post-1191","1":"product","2":"type-product","3":"status-publish","4":"has-post-thumbnail","6":"product_cat-brandi-es","7":"product_cat-cavas-y-espirituosos","8":"product_cat-destilados","9":"product_cat-vermuts-y-destilados","11":"first","12":"outofstock","13":"purchasable","14":"product-type-simple"},"exclude_global_add_ons":[],"addons":[],"acf":[],"_links":{"self":[{"href":"https:\/\/www.mascaro.es\/es\/wp-json\/wp\/v2\/product\/1191","targetHints":{"allow":["GET"]}}],"collection":[{"href":"https:\/\/www.mascaro.es\/es\/wp-json\/wp\/v2\/product"}],"about":[{"href":"https:\/\/www.mascaro.es\/es\/wp-json\/wp\/v2\/types\/product"}],"replies":[{"embeddable":true,"href":"https:\/\/www.mascaro.es\/es\/wp-json\/wp\/v2\/comments?post=1191"}],"wp:featuredmedia":[{"embeddable":true,"href":"https:\/\/www.mascaro.es\/es\/wp-json\/wp\/v2\/media\/1003"}],"wp:attachment":[{"href":"https:\/\/www.mascaro.es\/es\/wp-json\/wp\/v2\/media?parent=1191"}],"wp:term":[{"taxonomy":"product_brand","embeddable":true,"href":"https:\/\/www.mascaro.es\/es\/wp-json\/wp\/v2\/product_brand?post=1191"},{"taxonomy":"product_cat","embeddable":true,"href":"https:\/\/www.mascaro.es\/es\/wp-json\/wp\/v2\/product_cat?post=1191"},{"taxonomy":"product_tag","embeddable":true,"href":"https:\/\/www.mascaro.es\/es\/wp-json\/wp\/v2\/product_tag?post=1191"}],"curies":[{"name":"wp","href":"https:\/\/api.w.org\/{rel}","templated":true}]}}