{"id":1192,"date":"2023-08-04T10:20:58","date_gmt":"2023-08-04T10:20:58","guid":{"rendered":"https:\/\/www.mascaro.es\/product\/brandi-v-o-mascaro\/"},"modified":"2024-08-28T09:40:48","modified_gmt":"2024-08-28T09:40:48","slug":"mascaro-v-o","status":"publish","type":"product","link":"https:\/\/www.mascaro.es\/es\/brandi-es\/mascaro-v-o\/","title":{"rendered":"Brandy V.O. <br>Mascar\u00f3"},"content":{"rendered":"<p>La doble destilaci\u00f3n en alambiques de cobre y el envejecimiento en botas de roble franc\u00e9s aportan a este brandy su car\u00e1cter \u00fanico. <\/p>\n<h2>Un imprescindible de cualquier sobremesa.<\/h2>\n<p> Brandy V.O. es la insignia de nuestra casa, manteniendo el mismo esp\u00edritu desde 1946 hasta hoy en d\u00eda. <\/p>\n","protected":false},"excerpt":{"rendered":"<p>La insignia de nuestra casa.<\/p>\n","protected":false},"featured_media":394,"comment_status":"closed","ping_status":"closed","template":"","meta":{"_acf_changed":false,"_et_pb_use_builder":"","_et_pb_old_content":"","_et_gb_content_width":""},"product_brand":[],"product_cat":[58,48,55,54],"product_tag":[],"class_list":{"0":"post-1192","1":"product","2":"type-product","3":"status-publish","4":"has-post-thumbnail","6":"product_cat-brandi-es","7":"product_cat-cavas-y-espirituosos","8":"product_cat-destilados","9":"product_cat-vermuts-y-destilados","11":"first","12":"outofstock","13":"purchasable","14":"product-type-simple"},"exclude_global_add_ons":[],"addons":[],"acf":[],"_links":{"self":[{"href":"https:\/\/www.mascaro.es\/es\/wp-json\/wp\/v2\/product\/1192","targetHints":{"allow":["GET"]}}],"collection":[{"href":"https:\/\/www.mascaro.es\/es\/wp-json\/wp\/v2\/product"}],"about":[{"href":"https:\/\/www.mascaro.es\/es\/wp-json\/wp\/v2\/types\/product"}],"replies":[{"embeddable":true,"href":"https:\/\/www.mascaro.es\/es\/wp-json\/wp\/v2\/comments?post=1192"}],"wp:featuredmedia":[{"embeddable":true,"href":"https:\/\/www.mascaro.es\/es\/wp-json\/wp\/v2\/media\/394"}],"wp:attachment":[{"href":"https:\/\/www.mascaro.es\/es\/wp-json\/wp\/v2\/media?parent=1192"}],"wp:term":[{"taxonomy":"product_brand","embeddable":true,"href":"https:\/\/www.mascaro.es\/es\/wp-json\/wp\/v2\/product_brand?post=1192"},{"taxonomy":"product_cat","embeddable":true,"href":"https:\/\/www.mascaro.es\/es\/wp-json\/wp\/v2\/product_cat?post=1192"},{"taxonomy":"product_tag","embeddable":true,"href":"https:\/\/www.mascaro.es\/es\/wp-json\/wp\/v2\/product_tag?post=1192"}],"curies":[{"name":"wp","href":"https:\/\/api.w.org\/{rel}","templated":true}]}}