{"id":2893,"date":"2024-07-10T10:51:30","date_gmt":"2024-07-10T10:51:30","guid":{"rendered":"https:\/\/www.mascaro.es\/?post_type=product&#038;p=2893"},"modified":"2024-08-06T10:40:54","modified_gmt":"2024-08-06T10:40:54","slug":"vermut-siset-copia","status":"publish","type":"product","link":"https:\/\/www.mascaro.es\/es\/cavas-y-espirituosos\/vermut-siset-copia\/","title":{"rendered":"Vermut Siset <br>Blanco"},"content":{"rendered":"<h2>Vermut fresco y arom\u00e1tico, perfecto para disfrutar del aperitivo.<\/h2>\n<p>Inspirado en los paisajes que rodean nuestra finca Mas Miquel, el Siset Gin Fusi\u00f3n es un vermut blanco de Parellada aromatizado con las hierbas m\u00e1s caracter\u00edsticas de los bosques mediterr\u00e1neos. A\u00f1adiendo un toque de ginebra y un toque de aguardiente, fruto de nuestra experiencia en el arte de la destilaci\u00f3n, logramos un equilibrio \u00fanico y un producto ideal para disfrutar de un aperitivo diferente con la familia y los amigos.<\/p>\n","protected":false},"excerpt":{"rendered":"<p>Formula Gin Fusi\u00f3n<\/p>\n","protected":false},"featured_media":2902,"comment_status":"closed","ping_status":"closed","template":"","meta":{"_acf_changed":false,"_et_pb_use_builder":"","_et_pb_old_content":"","_et_gb_content_width":""},"product_brand":[],"product_cat":[48,57,54],"product_tag":[],"class_list":{"0":"post-2893","1":"product","2":"type-product","3":"status-publish","4":"has-post-thumbnail","6":"product_cat-cavas-y-espirituosos","7":"product_cat-vermuts-es","8":"product_cat-vermuts-y-destilados","10":"first","11":"outofstock","12":"purchasable","13":"product-type-simple"},"exclude_global_add_ons":[],"addons":[],"acf":[],"_links":{"self":[{"href":"https:\/\/www.mascaro.es\/es\/wp-json\/wp\/v2\/product\/2893","targetHints":{"allow":["GET"]}}],"collection":[{"href":"https:\/\/www.mascaro.es\/es\/wp-json\/wp\/v2\/product"}],"about":[{"href":"https:\/\/www.mascaro.es\/es\/wp-json\/wp\/v2\/types\/product"}],"replies":[{"embeddable":true,"href":"https:\/\/www.mascaro.es\/es\/wp-json\/wp\/v2\/comments?post=2893"}],"wp:featuredmedia":[{"embeddable":true,"href":"https:\/\/www.mascaro.es\/es\/wp-json\/wp\/v2\/media\/2902"}],"wp:attachment":[{"href":"https:\/\/www.mascaro.es\/es\/wp-json\/wp\/v2\/media?parent=2893"}],"wp:term":[{"taxonomy":"product_brand","embeddable":true,"href":"https:\/\/www.mascaro.es\/es\/wp-json\/wp\/v2\/product_brand?post=2893"},{"taxonomy":"product_cat","embeddable":true,"href":"https:\/\/www.mascaro.es\/es\/wp-json\/wp\/v2\/product_cat?post=2893"},{"taxonomy":"product_tag","embeddable":true,"href":"https:\/\/www.mascaro.es\/es\/wp-json\/wp\/v2\/product_tag?post=2893"}],"curies":[{"name":"wp","href":"https:\/\/api.w.org\/{rel}","templated":true}]}}